{"id":50,"date":"2020-11-18T10:04:28","date_gmt":"2020-11-18T10:04:28","guid":{"rendered":"http:\/\/hotel-maxime.ms.decms.eu\/?page_id=50"},"modified":"2026-04-10T16:02:13","modified_gmt":"2026-04-10T16:02:13","slug":"maxime-hotel","status":"publish","type":"page","link":"https:\/\/www.maximehotellisbon.com\/pt-pt\/","title":{"rendered":"Maxime Boutique Hotel Avenida da Liberdade"},"content":{"rendered":"<p data-start=\"137\" data-end=\"377\">Na mais elegante avenida de Lisboa, a poucos passos da Gucci, Louis Vuitton e mesmo em frente \u00e0 Dior, o <strong data-start=\"241\" data-end=\"287\">Maxime Boutique Hotel Avenida da Liberdade<\/strong> alia o prest\u00edgio de uma morada de luxo ao charme de um boutique hotel com alma de design.<\/p>\n<p data-start=\"379\" data-end=\"629\">Outrora palco da vida nocturna lisboeta dos anos 40, o Maxime redefine hoje a sofistica\u00e7\u00e3o \u2014 fundindo o seu passado lend\u00e1rio com um estilo contempor\u00e2neo, interiores cuidadosamente curados e uma personalidade \u00fanica que se destaca no cora\u00e7\u00e3o da cidade.<\/p>\n<p data-start=\"631\" data-end=\"746\" data-is-last-node=\"\" data-is-only-node=\"\">Aqui, o esp\u00edrito da Avenida da Liberdade vive em cada detalhe \u2014 refinado, inesperado e inconfundivelmente lisboeta.<\/p>\n","protected":false},"excerpt":{"rendered":"<p>Na mais elegante avenida de Lisboa, a poucos passos da Gucci, Louis Vuitton e mesmo em frente \u00e0 Dior, o Maxime Boutique Hotel Avenida da Liberdade alia o prest\u00edgio de uma morada de luxo ao charme de um boutique hotel com alma de design. Outrora palco da vida nocturna lisboeta dos anos 40, o Maxime [&hellip;]<\/p>\n","protected":false},"author":36,"featured_media":1878,"parent":0,"menu_order":10,"comment_status":"closed","ping_status":"open","template":"","meta":{"footnotes":""},"class_list":["post-50","page","type-page","status-publish","has-post-thumbnail","hentry"],"yoast_head":"<!-- This site is optimized with the Yoast SEO plugin v26.9 - https:\/\/yoast.com\/product\/yoast-seo-wordpress\/ -->\n<title>Maxime Boutique Hotel Avenida da Liberdade - Maxime Hotel<\/title>\n<meta name=\"description\" content=\"Situado na Pra\u00e7a da Alegria, o Maxime Hotel \u00e9 um Boutique Hotel localizado no centro de Lisboa. Com 75 quartos, Restaurante-Bar que o v\u00e3o surpreender. Reserve!\" \/>\n<meta name=\"robots\" content=\"index, follow, max-snippet:-1, max-image-preview:large, max-video-preview:-1\" \/>\n<link rel=\"canonical\" href=\"https:\/\/www.maximehotellisbon.com\/pt-pt\/\" \/>\n<meta property=\"og:locale\" content=\"pt_PT\" \/>\n<meta property=\"og:type\" content=\"article\" \/>\n<meta property=\"og:title\" content=\"Maxime Boutique Hotel Avenida da Liberdade - Maxime Hotel\" \/>\n<meta property=\"og:description\" content=\"Situado na Pra\u00e7a da Alegria, o Maxime Hotel \u00e9 um Boutique Hotel localizado no centro de Lisboa. Com 75 quartos, Restaurante-Bar que o v\u00e3o surpreender. Reserve!\" \/>\n<meta property=\"og:url\" content=\"https:\/\/www.maximehotellisbon.com\/pt-pt\/\" \/>\n<meta property=\"og:site_name\" content=\"Maxime Hotel\" \/>\n<meta property=\"article:modified_time\" content=\"2026-04-10T16:02:13+00:00\" \/>\n<meta property=\"og:image\" content=\"https:\/\/www.maximehotellisbon.com\/wp-content\/uploads\/sites\/222\/2025\/07\/Maxime-Boutique-Hotel-Avenida-da-Liberdade-2025.jpg\" \/>\n\t<meta property=\"og:image:width\" content=\"1536\" \/>\n\t<meta property=\"og:image:height\" content=\"1024\" \/>\n\t<meta property=\"og:image:type\" content=\"image\/jpeg\" \/>\n<meta name=\"twitter:card\" content=\"summary_large_image\" \/>\n<meta name=\"twitter:label1\" content=\"Tempo estimado de leitura\" \/>\n\t<meta name=\"twitter:data1\" content=\"1 minuto\" \/>\n<script type=\"application\/ld+json\" class=\"yoast-schema-graph\">{\"@context\":\"https:\/\/schema.org\",\"@graph\":[{\"@type\":\"WebPage\",\"@id\":\"https:\/\/www.maximehotellisbon.com\/pt-pt\/\",\"url\":\"https:\/\/www.maximehotellisbon.com\/pt-pt\/\",\"name\":\"Maxime Boutique Hotel Avenida da Liberdade - Maxime Hotel\",\"isPartOf\":{\"@id\":\"https:\/\/www.maximehotellisbon.com\/pt-pt\/#website\"},\"primaryImageOfPage\":{\"@id\":\"https:\/\/www.maximehotellisbon.com\/pt-pt\/#primaryimage\"},\"image\":{\"@id\":\"https:\/\/www.maximehotellisbon.com\/pt-pt\/#primaryimage\"},\"thumbnailUrl\":\"https:\/\/www.maximehotellisbon.com\/wp-content\/uploads\/sites\/222\/2025\/07\/Maxime-Boutique-Hotel-Avenida-da-Liberdade-2025.jpg\",\"datePublished\":\"2020-11-18T10:04:28+00:00\",\"dateModified\":\"2026-04-10T16:02:13+00:00\",\"description\":\"Situado na Pra\u00e7a da Alegria, o Maxime Hotel \u00e9 um Boutique Hotel localizado no centro de Lisboa. Com 75 quartos, Restaurante-Bar que o v\u00e3o surpreender. Reserve!\",\"breadcrumb\":{\"@id\":\"https:\/\/www.maximehotellisbon.com\/pt-pt\/#breadcrumb\"},\"inLanguage\":\"pt-PT\",\"potentialAction\":[{\"@type\":\"ReadAction\",\"target\":[\"https:\/\/www.maximehotellisbon.com\/pt-pt\/\"]}]},{\"@type\":\"ImageObject\",\"inLanguage\":\"pt-PT\",\"@id\":\"https:\/\/www.maximehotellisbon.com\/pt-pt\/#primaryimage\",\"url\":\"https:\/\/www.maximehotellisbon.com\/wp-content\/uploads\/sites\/222\/2025\/07\/Maxime-Boutique-Hotel-Avenida-da-Liberdade-2025.jpg\",\"contentUrl\":\"https:\/\/www.maximehotellisbon.com\/wp-content\/uploads\/sites\/222\/2025\/07\/Maxime-Boutique-Hotel-Avenida-da-Liberdade-2025.jpg\",\"width\":1536,\"height\":1024,\"caption\":\"en::Maxime Hotel pt-pt::Maxime Hotel\"},{\"@type\":\"BreadcrumbList\",\"@id\":\"https:\/\/www.maximehotellisbon.com\/pt-pt\/#breadcrumb\",\"itemListElement\":[{\"@type\":\"ListItem\",\"position\":1,\"name\":\"Home\",\"item\":\"https:\/\/www.maximehotellisbon.com\/pt-pt\/\"},{\"@type\":\"ListItem\",\"position\":2,\"name\":\"Maxime Boutique Hotel Avenida da Liberdade\"}]},{\"@type\":\"WebSite\",\"@id\":\"https:\/\/www.maximehotellisbon.com\/pt-pt\/#website\",\"url\":\"https:\/\/www.maximehotellisbon.com\/pt-pt\/\",\"name\":\"Maxime Hotel\",\"description\":\"Just another ms.decms.eu site\",\"potentialAction\":[{\"@type\":\"SearchAction\",\"target\":{\"@type\":\"EntryPoint\",\"urlTemplate\":\"https:\/\/www.maximehotellisbon.com\/pt-pt\/?s={search_term_string}\"},\"query-input\":{\"@type\":\"PropertyValueSpecification\",\"valueRequired\":true,\"valueName\":\"search_term_string\"}}],\"inLanguage\":\"pt-PT\"}]}<\/script>\n<!-- \/ Yoast SEO plugin. -->","yoast_head_json":{"title":"Maxime Boutique Hotel Avenida da Liberdade - Maxime Hotel","description":"Situado na Pra\u00e7a da Alegria, o Maxime Hotel \u00e9 um Boutique Hotel localizado no centro de Lisboa. Com 75 quartos, Restaurante-Bar que o v\u00e3o surpreender. Reserve!","robots":{"index":"index","follow":"follow","max-snippet":"max-snippet:-1","max-image-preview":"max-image-preview:large","max-video-preview":"max-video-preview:-1"},"canonical":"https:\/\/www.maximehotellisbon.com\/pt-pt\/","og_locale":"pt_PT","og_type":"article","og_title":"Maxime Boutique Hotel Avenida da Liberdade - Maxime Hotel","og_description":"Situado na Pra\u00e7a da Alegria, o Maxime Hotel \u00e9 um Boutique Hotel localizado no centro de Lisboa. Com 75 quartos, Restaurante-Bar que o v\u00e3o surpreender. Reserve!","og_url":"https:\/\/www.maximehotellisbon.com\/pt-pt\/","og_site_name":"Maxime Hotel","article_modified_time":"2026-04-10T16:02:13+00:00","og_image":[{"width":1536,"height":1024,"url":"https:\/\/www.maximehotellisbon.com\/wp-content\/uploads\/sites\/222\/2025\/07\/Maxime-Boutique-Hotel-Avenida-da-Liberdade-2025.jpg","type":"image\/jpeg"}],"twitter_card":"summary_large_image","twitter_misc":{"Tempo estimado de leitura":"1 minuto"},"schema":{"@context":"https:\/\/schema.org","@graph":[{"@type":"WebPage","@id":"https:\/\/www.maximehotellisbon.com\/pt-pt\/","url":"https:\/\/www.maximehotellisbon.com\/pt-pt\/","name":"Maxime Boutique Hotel Avenida da Liberdade - Maxime Hotel","isPartOf":{"@id":"https:\/\/www.maximehotellisbon.com\/pt-pt\/#website"},"primaryImageOfPage":{"@id":"https:\/\/www.maximehotellisbon.com\/pt-pt\/#primaryimage"},"image":{"@id":"https:\/\/www.maximehotellisbon.com\/pt-pt\/#primaryimage"},"thumbnailUrl":"https:\/\/www.maximehotellisbon.com\/wp-content\/uploads\/sites\/222\/2025\/07\/Maxime-Boutique-Hotel-Avenida-da-Liberdade-2025.jpg","datePublished":"2020-11-18T10:04:28+00:00","dateModified":"2026-04-10T16:02:13+00:00","description":"Situado na Pra\u00e7a da Alegria, o Maxime Hotel \u00e9 um Boutique Hotel localizado no centro de Lisboa. Com 75 quartos, Restaurante-Bar que o v\u00e3o surpreender. Reserve!","breadcrumb":{"@id":"https:\/\/www.maximehotellisbon.com\/pt-pt\/#breadcrumb"},"inLanguage":"pt-PT","potentialAction":[{"@type":"ReadAction","target":["https:\/\/www.maximehotellisbon.com\/pt-pt\/"]}]},{"@type":"ImageObject","inLanguage":"pt-PT","@id":"https:\/\/www.maximehotellisbon.com\/pt-pt\/#primaryimage","url":"https:\/\/www.maximehotellisbon.com\/wp-content\/uploads\/sites\/222\/2025\/07\/Maxime-Boutique-Hotel-Avenida-da-Liberdade-2025.jpg","contentUrl":"https:\/\/www.maximehotellisbon.com\/wp-content\/uploads\/sites\/222\/2025\/07\/Maxime-Boutique-Hotel-Avenida-da-Liberdade-2025.jpg","width":1536,"height":1024,"caption":"en::Maxime Hotel pt-pt::Maxime Hotel"},{"@type":"BreadcrumbList","@id":"https:\/\/www.maximehotellisbon.com\/pt-pt\/#breadcrumb","itemListElement":[{"@type":"ListItem","position":1,"name":"Home","item":"https:\/\/www.maximehotellisbon.com\/pt-pt\/"},{"@type":"ListItem","position":2,"name":"Maxime Boutique Hotel Avenida da Liberdade"}]},{"@type":"WebSite","@id":"https:\/\/www.maximehotellisbon.com\/pt-pt\/#website","url":"https:\/\/www.maximehotellisbon.com\/pt-pt\/","name":"Maxime Hotel","description":"Just another ms.decms.eu site","potentialAction":[{"@type":"SearchAction","target":{"@type":"EntryPoint","urlTemplate":"https:\/\/www.maximehotellisbon.com\/pt-pt\/?s={search_term_string}"},"query-input":{"@type":"PropertyValueSpecification","valueRequired":true,"valueName":"search_term_string"}}],"inLanguage":"pt-PT"}]}},"acf":[],"_links":{"self":[{"href":"https:\/\/www.maximehotellisbon.com\/pt-pt\/wp-json\/wp\/v2\/pages\/50","targetHints":{"allow":["GET"]}}],"collection":[{"href":"https:\/\/www.maximehotellisbon.com\/pt-pt\/wp-json\/wp\/v2\/pages"}],"about":[{"href":"https:\/\/www.maximehotellisbon.com\/pt-pt\/wp-json\/wp\/v2\/types\/page"}],"author":[{"embeddable":true,"href":"https:\/\/www.maximehotellisbon.com\/pt-pt\/wp-json\/wp\/v2\/users\/36"}],"replies":[{"embeddable":true,"href":"https:\/\/www.maximehotellisbon.com\/pt-pt\/wp-json\/wp\/v2\/comments?post=50"}],"version-history":[{"count":0,"href":"https:\/\/www.maximehotellisbon.com\/pt-pt\/wp-json\/wp\/v2\/pages\/50\/revisions"}],"wp:featuredmedia":[{"embeddable":true,"href":"https:\/\/www.maximehotellisbon.com\/pt-pt\/wp-json\/wp\/v2\/media\/1878"}],"wp:attachment":[{"href":"https:\/\/www.maximehotellisbon.com\/pt-pt\/wp-json\/wp\/v2\/media?parent=50"}],"curies":[{"name":"wp","href":"https:\/\/api.w.org\/{rel}","templated":true}]}}