{"id":323,"date":"2020-11-20T08:25:53","date_gmt":"2020-11-20T08:25:53","guid":{"rendered":"http:\/\/hotel-maxime.ms.decms.eu\/?page_id=323"},"modified":"2025-01-22T11:17:08","modified_gmt":"2025-01-22T11:17:08","slug":"eventos-corporate","status":"publish","type":"page","link":"https:\/\/www.maximehotellisbon.com\/pt-pt\/eventos-corporate\/","title":{"rendered":"Eventos Corporate"},"content":{"rendered":"<p style=\"text-align: center\">O <strong>Maxime Hotel<\/strong> tem o privil\u00e9gio de disponibilizar um dos lugares mais emblem\u00e1ticos de <strong>Lisboa<\/strong> para <strong>eventos privados<\/strong>. No cora\u00e7\u00e3o de Lisboa, explora os nossos espa\u00e7os arrojados, projectados para refletir a energia impar\u00e1vel do mundo do espect\u00e1culo.<\/p>\n<p style=\"text-align: center\">Somos um boutique hotel com 75 quartos dos quais 5 tem\u00e1ticos, um Restaurante-Bar com capacidade para 80 pessoas \/ 8 lugares sentados (no bar) e um p\u00e1tio com capacidade para 30 pessoas\u2026 o Boudoir Garden-Bar.<\/p>\n<p style=\"text-align: center\">Os nossos espect\u00e1culos s\u00e3o totalmente personaliz\u00e1veis para cada cliente, cada marca e cada hist\u00f3ria. Os nossos espa\u00e7os s\u00e3o perfeitos para a tua empresa marcar pela diferen\u00e7a, junto dos clientes, parceiros ou dos colaboradores.<\/p>\n<p style=\"text-align: center\">Incentivos, activa\u00e7\u00f5es de marca, lan\u00e7amentos de produtos, ou mesmo reuni\u00f5es de equipa com uma componente diferenciadora marcante.<\/p>\n<p style=\"text-align: center\"><strong>Diz-nos o que pretendes e n\u00f3s tratamos do resto<\/strong>!<\/p>\n<p style=\"text-align: center\">Visite o nosso site oficial<strong>\u00a0Real Events<\/strong>\u00a0e fique a conhecer estes e outros espa\u00e7os que temos dispon\u00edveis para realizar os seus eventos.<\/p>\n<h6 style=\"text-align: center\"><span data-olk-copy-source=\"MessageBody\">Os custos das chamadas para a rede fixa nacional aplicam-se a todos os n\u00fameros de telefone indicados nesta p\u00e1gina.<\/span><\/h6>\n","protected":false},"excerpt":{"rendered":"<p>O Maxime Hotel tem o privil\u00e9gio de disponibilizar um dos lugares mais emblem\u00e1ticos de Lisboa para eventos privados. No cora\u00e7\u00e3o de Lisboa, explora os nossos espa\u00e7os arrojados, projectados para refletir a energia impar\u00e1vel do mundo do espect\u00e1culo. Somos um boutique hotel com 75 quartos dos quais 5 tem\u00e1ticos, um Restaurante-Bar com capacidade para 80 pessoas [&hellip;]<\/p>\n","protected":false},"author":36,"featured_media":518,"parent":0,"menu_order":130,"comment_status":"closed","ping_status":"closed","template":"template-corporate-events.php","meta":{"footnotes":""},"class_list":["post-323","page","type-page","status-publish","has-post-thumbnail","hentry"],"yoast_head":"<!-- This site is optimized with the Yoast SEO plugin v26.9 - https:\/\/yoast.com\/product\/yoast-seo-wordpress\/ -->\n<title>Eventos Corporate - Maxime Hotel<\/title>\n<meta name=\"robots\" content=\"index, follow, max-snippet:-1, max-image-preview:large, max-video-preview:-1\" \/>\n<link rel=\"canonical\" href=\"https:\/\/www.maximehotellisbon.com\/pt-pt\/eventos-corporate\/\" \/>\n<meta property=\"og:locale\" content=\"pt_PT\" \/>\n<meta property=\"og:type\" content=\"article\" \/>\n<meta property=\"og:title\" content=\"Eventos Corporate - Maxime Hotel\" \/>\n<meta property=\"og:description\" content=\"O Maxime Hotel tem o privil\u00e9gio de disponibilizar um dos lugares mais emblem\u00e1ticos de Lisboa para eventos privados. No cora\u00e7\u00e3o de Lisboa, explora os nossos espa\u00e7os arrojados, projectados para refletir a energia impar\u00e1vel do mundo do espect\u00e1culo. Somos um boutique hotel com 75 quartos dos quais 5 tem\u00e1ticos, um Restaurante-Bar com capacidade para 80 pessoas [&hellip;]\" \/>\n<meta property=\"og:url\" content=\"https:\/\/www.maximehotellisbon.com\/pt-pt\/eventos-corporate\/\" \/>\n<meta property=\"og:site_name\" content=\"Maxime Hotel\" \/>\n<meta property=\"article:modified_time\" content=\"2025-01-22T11:17:08+00:00\" \/>\n<meta property=\"og:image\" content=\"https:\/\/www.maximehotellisbon.com\/wp-content\/uploads\/sites\/222\/2021\/04\/Maxime-Hotel-Lisbon-Corporate-Events.jpg\" \/>\n\t<meta property=\"og:image:width\" content=\"1798\" \/>\n\t<meta property=\"og:image:height\" content=\"1200\" \/>\n\t<meta property=\"og:image:type\" content=\"image\/jpeg\" \/>\n<meta name=\"twitter:card\" content=\"summary_large_image\" \/>\n<meta name=\"twitter:label1\" content=\"Tempo estimado de leitura\" \/>\n\t<meta name=\"twitter:data1\" content=\"1 minuto\" \/>\n<script type=\"application\/ld+json\" class=\"yoast-schema-graph\">{\"@context\":\"https:\/\/schema.org\",\"@graph\":[{\"@type\":\"WebPage\",\"@id\":\"https:\/\/www.maximehotellisbon.com\/pt-pt\/eventos-corporate\/\",\"url\":\"https:\/\/www.maximehotellisbon.com\/pt-pt\/eventos-corporate\/\",\"name\":\"Eventos Corporate - Maxime Hotel\",\"isPartOf\":{\"@id\":\"https:\/\/www.maximehotellisbon.com\/pt-pt\/#website\"},\"primaryImageOfPage\":{\"@id\":\"https:\/\/www.maximehotellisbon.com\/pt-pt\/eventos-corporate\/#primaryimage\"},\"image\":{\"@id\":\"https:\/\/www.maximehotellisbon.com\/pt-pt\/eventos-corporate\/#primaryimage\"},\"thumbnailUrl\":\"https:\/\/www.maximehotellisbon.com\/wp-content\/uploads\/sites\/222\/2021\/04\/Maxime-Hotel-Lisbon-Corporate-Events.jpg\",\"datePublished\":\"2020-11-20T08:25:53+00:00\",\"dateModified\":\"2025-01-22T11:17:08+00:00\",\"breadcrumb\":{\"@id\":\"https:\/\/www.maximehotellisbon.com\/pt-pt\/eventos-corporate\/#breadcrumb\"},\"inLanguage\":\"pt-PT\",\"potentialAction\":[{\"@type\":\"ReadAction\",\"target\":[\"https:\/\/www.maximehotellisbon.com\/pt-pt\/eventos-corporate\/\"]}]},{\"@type\":\"ImageObject\",\"inLanguage\":\"pt-PT\",\"@id\":\"https:\/\/www.maximehotellisbon.com\/pt-pt\/eventos-corporate\/#primaryimage\",\"url\":\"https:\/\/www.maximehotellisbon.com\/wp-content\/uploads\/sites\/222\/2021\/04\/Maxime-Hotel-Lisbon-Corporate-Events.jpg\",\"contentUrl\":\"https:\/\/www.maximehotellisbon.com\/wp-content\/uploads\/sites\/222\/2021\/04\/Maxime-Hotel-Lisbon-Corporate-Events.jpg\",\"width\":1798,\"height\":1200,\"caption\":\"Maxime Hotel Corporate Events\"},{\"@type\":\"BreadcrumbList\",\"@id\":\"https:\/\/www.maximehotellisbon.com\/pt-pt\/eventos-corporate\/#breadcrumb\",\"itemListElement\":[{\"@type\":\"ListItem\",\"position\":1,\"name\":\"Home\",\"item\":\"https:\/\/www.maximehotellisbon.com\/pt-pt\/\"},{\"@type\":\"ListItem\",\"position\":2,\"name\":\"Eventos Corporate\"}]},{\"@type\":\"WebSite\",\"@id\":\"https:\/\/www.maximehotellisbon.com\/pt-pt\/#website\",\"url\":\"https:\/\/www.maximehotellisbon.com\/pt-pt\/\",\"name\":\"Maxime Hotel\",\"description\":\"Just another ms.decms.eu site\",\"potentialAction\":[{\"@type\":\"SearchAction\",\"target\":{\"@type\":\"EntryPoint\",\"urlTemplate\":\"https:\/\/www.maximehotellisbon.com\/pt-pt\/?s={search_term_string}\"},\"query-input\":{\"@type\":\"PropertyValueSpecification\",\"valueRequired\":true,\"valueName\":\"search_term_string\"}}],\"inLanguage\":\"pt-PT\"}]}<\/script>\n<!-- \/ Yoast SEO plugin. -->","yoast_head_json":{"title":"Eventos Corporate - Maxime Hotel","robots":{"index":"index","follow":"follow","max-snippet":"max-snippet:-1","max-image-preview":"max-image-preview:large","max-video-preview":"max-video-preview:-1"},"canonical":"https:\/\/www.maximehotellisbon.com\/pt-pt\/eventos-corporate\/","og_locale":"pt_PT","og_type":"article","og_title":"Eventos Corporate - Maxime Hotel","og_description":"O Maxime Hotel tem o privil\u00e9gio de disponibilizar um dos lugares mais emblem\u00e1ticos de Lisboa para eventos privados. No cora\u00e7\u00e3o de Lisboa, explora os nossos espa\u00e7os arrojados, projectados para refletir a energia impar\u00e1vel do mundo do espect\u00e1culo. Somos um boutique hotel com 75 quartos dos quais 5 tem\u00e1ticos, um Restaurante-Bar com capacidade para 80 pessoas [&hellip;]","og_url":"https:\/\/www.maximehotellisbon.com\/pt-pt\/eventos-corporate\/","og_site_name":"Maxime Hotel","article_modified_time":"2025-01-22T11:17:08+00:00","og_image":[{"width":1798,"height":1200,"url":"https:\/\/www.maximehotellisbon.com\/wp-content\/uploads\/sites\/222\/2021\/04\/Maxime-Hotel-Lisbon-Corporate-Events.jpg","type":"image\/jpeg"}],"twitter_card":"summary_large_image","twitter_misc":{"Tempo estimado de leitura":"1 minuto"},"schema":{"@context":"https:\/\/schema.org","@graph":[{"@type":"WebPage","@id":"https:\/\/www.maximehotellisbon.com\/pt-pt\/eventos-corporate\/","url":"https:\/\/www.maximehotellisbon.com\/pt-pt\/eventos-corporate\/","name":"Eventos Corporate - Maxime Hotel","isPartOf":{"@id":"https:\/\/www.maximehotellisbon.com\/pt-pt\/#website"},"primaryImageOfPage":{"@id":"https:\/\/www.maximehotellisbon.com\/pt-pt\/eventos-corporate\/#primaryimage"},"image":{"@id":"https:\/\/www.maximehotellisbon.com\/pt-pt\/eventos-corporate\/#primaryimage"},"thumbnailUrl":"https:\/\/www.maximehotellisbon.com\/wp-content\/uploads\/sites\/222\/2021\/04\/Maxime-Hotel-Lisbon-Corporate-Events.jpg","datePublished":"2020-11-20T08:25:53+00:00","dateModified":"2025-01-22T11:17:08+00:00","breadcrumb":{"@id":"https:\/\/www.maximehotellisbon.com\/pt-pt\/eventos-corporate\/#breadcrumb"},"inLanguage":"pt-PT","potentialAction":[{"@type":"ReadAction","target":["https:\/\/www.maximehotellisbon.com\/pt-pt\/eventos-corporate\/"]}]},{"@type":"ImageObject","inLanguage":"pt-PT","@id":"https:\/\/www.maximehotellisbon.com\/pt-pt\/eventos-corporate\/#primaryimage","url":"https:\/\/www.maximehotellisbon.com\/wp-content\/uploads\/sites\/222\/2021\/04\/Maxime-Hotel-Lisbon-Corporate-Events.jpg","contentUrl":"https:\/\/www.maximehotellisbon.com\/wp-content\/uploads\/sites\/222\/2021\/04\/Maxime-Hotel-Lisbon-Corporate-Events.jpg","width":1798,"height":1200,"caption":"Maxime Hotel Corporate Events"},{"@type":"BreadcrumbList","@id":"https:\/\/www.maximehotellisbon.com\/pt-pt\/eventos-corporate\/#breadcrumb","itemListElement":[{"@type":"ListItem","position":1,"name":"Home","item":"https:\/\/www.maximehotellisbon.com\/pt-pt\/"},{"@type":"ListItem","position":2,"name":"Eventos Corporate"}]},{"@type":"WebSite","@id":"https:\/\/www.maximehotellisbon.com\/pt-pt\/#website","url":"https:\/\/www.maximehotellisbon.com\/pt-pt\/","name":"Maxime Hotel","description":"Just another ms.decms.eu site","potentialAction":[{"@type":"SearchAction","target":{"@type":"EntryPoint","urlTemplate":"https:\/\/www.maximehotellisbon.com\/pt-pt\/?s={search_term_string}"},"query-input":{"@type":"PropertyValueSpecification","valueRequired":true,"valueName":"search_term_string"}}],"inLanguage":"pt-PT"}]}},"acf":[],"_links":{"self":[{"href":"https:\/\/www.maximehotellisbon.com\/pt-pt\/wp-json\/wp\/v2\/pages\/323","targetHints":{"allow":["GET"]}}],"collection":[{"href":"https:\/\/www.maximehotellisbon.com\/pt-pt\/wp-json\/wp\/v2\/pages"}],"about":[{"href":"https:\/\/www.maximehotellisbon.com\/pt-pt\/wp-json\/wp\/v2\/types\/page"}],"author":[{"embeddable":true,"href":"https:\/\/www.maximehotellisbon.com\/pt-pt\/wp-json\/wp\/v2\/users\/36"}],"replies":[{"embeddable":true,"href":"https:\/\/www.maximehotellisbon.com\/pt-pt\/wp-json\/wp\/v2\/comments?post=323"}],"version-history":[{"count":0,"href":"https:\/\/www.maximehotellisbon.com\/pt-pt\/wp-json\/wp\/v2\/pages\/323\/revisions"}],"wp:featuredmedia":[{"embeddable":true,"href":"https:\/\/www.maximehotellisbon.com\/pt-pt\/wp-json\/wp\/v2\/media\/518"}],"wp:attachment":[{"href":"https:\/\/www.maximehotellisbon.com\/pt-pt\/wp-json\/wp\/v2\/media?parent=323"}],"curies":[{"name":"wp","href":"https:\/\/api.w.org\/{rel}","templated":true}]}}