{"id":274,"date":"2020-11-19T15:43:58","date_gmt":"2020-11-19T15:43:58","guid":{"rendered":"http:\/\/hotel-maxime.ms.decms.eu\/?page_id=274"},"modified":"2022-11-29T14:33:33","modified_gmt":"2022-11-29T14:33:33","slug":"shows-lisboa","status":"publish","type":"page","link":"https:\/\/www.maximehotellisbon.com\/pt-pt\/shows-lisboa\/","title":{"rendered":"Shows em Lisboa"},"content":{"rendered":"<p>Vers\u00e1teis, surpreendentes e viciantes, assim s\u00e3o os shows do Maxime, feitos para relembrar o antigo cabaret ic\u00f3nico. Viagens deslumbrantes pelo mundo do cabaret, burlesco e circo, acompanhadas por um jantar, stand-ups de com\u00e9dia, m\u00fasica ao vivo, teatro&#8230; entre tantos outros. Se s\u00e3o art\u00edsticos e \u00fanicos, t\u00eam aqui lugar.<\/p>\n","protected":false},"excerpt":{"rendered":"<p>Vers\u00e1teis, surpreendentes e viciantes, assim s\u00e3o os shows do Maxime, feitos para relembrar o antigo cabaret ic\u00f3nico. Viagens deslumbrantes pelo mundo do cabaret, burlesco e circo, acompanhadas por um jantar, stand-ups de com\u00e9dia, m\u00fasica ao vivo, teatro&#8230; entre tantos outros. Se s\u00e3o art\u00edsticos e \u00fanicos, t\u00eam aqui lugar.<\/p>\n","protected":false},"author":36,"featured_media":0,"parent":0,"menu_order":100,"comment_status":"closed","ping_status":"closed","template":"template-shows.php","meta":{"footnotes":""},"class_list":["post-274","page","type-page","status-publish","hentry"],"yoast_head":"<!-- This site is optimized with the Yoast SEO plugin v26.9 - https:\/\/yoast.com\/product\/yoast-seo-wordpress\/ -->\n<title>Shows em Lisboa - Maxime Hotel<\/title>\n<meta name=\"robots\" content=\"index, follow, max-snippet:-1, max-image-preview:large, max-video-preview:-1\" \/>\n<link rel=\"canonical\" href=\"https:\/\/www.maximehotellisbon.com\/pt-pt\/shows-lisboa\/\" \/>\n<meta property=\"og:locale\" content=\"pt_PT\" \/>\n<meta property=\"og:type\" content=\"article\" \/>\n<meta property=\"og:title\" content=\"Shows em Lisboa - Maxime Hotel\" \/>\n<meta property=\"og:description\" content=\"Vers\u00e1teis, surpreendentes e viciantes, assim s\u00e3o os shows do Maxime, feitos para relembrar o antigo cabaret ic\u00f3nico. Viagens deslumbrantes pelo mundo do cabaret, burlesco e circo, acompanhadas por um jantar, stand-ups de com\u00e9dia, m\u00fasica ao vivo, teatro&#8230; entre tantos outros. Se s\u00e3o art\u00edsticos e \u00fanicos, t\u00eam aqui lugar.\" \/>\n<meta property=\"og:url\" content=\"https:\/\/www.maximehotellisbon.com\/pt-pt\/shows-lisboa\/\" \/>\n<meta property=\"og:site_name\" content=\"Maxime Hotel\" \/>\n<meta property=\"article:modified_time\" content=\"2022-11-29T14:33:33+00:00\" \/>\n<meta name=\"twitter:card\" content=\"summary_large_image\" \/>\n<meta name=\"twitter:label1\" content=\"Tempo estimado de leitura\" \/>\n\t<meta name=\"twitter:data1\" content=\"1 minuto\" \/>\n<script type=\"application\/ld+json\" class=\"yoast-schema-graph\">{\"@context\":\"https:\/\/schema.org\",\"@graph\":[{\"@type\":\"WebPage\",\"@id\":\"https:\/\/www.maximehotellisbon.com\/pt-pt\/shows-lisboa\/\",\"url\":\"https:\/\/www.maximehotellisbon.com\/pt-pt\/shows-lisboa\/\",\"name\":\"Shows em Lisboa - Maxime Hotel\",\"isPartOf\":{\"@id\":\"https:\/\/www.maximehotellisbon.com\/pt-pt\/#website\"},\"datePublished\":\"2020-11-19T15:43:58+00:00\",\"dateModified\":\"2022-11-29T14:33:33+00:00\",\"breadcrumb\":{\"@id\":\"https:\/\/www.maximehotellisbon.com\/pt-pt\/shows-lisboa\/#breadcrumb\"},\"inLanguage\":\"pt-PT\",\"potentialAction\":[{\"@type\":\"ReadAction\",\"target\":[\"https:\/\/www.maximehotellisbon.com\/pt-pt\/shows-lisboa\/\"]}]},{\"@type\":\"BreadcrumbList\",\"@id\":\"https:\/\/www.maximehotellisbon.com\/pt-pt\/shows-lisboa\/#breadcrumb\",\"itemListElement\":[{\"@type\":\"ListItem\",\"position\":1,\"name\":\"Home\",\"item\":\"https:\/\/www.maximehotellisbon.com\/pt-pt\/\"},{\"@type\":\"ListItem\",\"position\":2,\"name\":\"Shows em Lisboa\"}]},{\"@type\":\"WebSite\",\"@id\":\"https:\/\/www.maximehotellisbon.com\/pt-pt\/#website\",\"url\":\"https:\/\/www.maximehotellisbon.com\/pt-pt\/\",\"name\":\"Maxime Hotel\",\"description\":\"Just another ms.decms.eu site\",\"potentialAction\":[{\"@type\":\"SearchAction\",\"target\":{\"@type\":\"EntryPoint\",\"urlTemplate\":\"https:\/\/www.maximehotellisbon.com\/pt-pt\/?s={search_term_string}\"},\"query-input\":{\"@type\":\"PropertyValueSpecification\",\"valueRequired\":true,\"valueName\":\"search_term_string\"}}],\"inLanguage\":\"pt-PT\"}]}<\/script>\n<!-- \/ Yoast SEO plugin. -->","yoast_head_json":{"title":"Shows em Lisboa - Maxime Hotel","robots":{"index":"index","follow":"follow","max-snippet":"max-snippet:-1","max-image-preview":"max-image-preview:large","max-video-preview":"max-video-preview:-1"},"canonical":"https:\/\/www.maximehotellisbon.com\/pt-pt\/shows-lisboa\/","og_locale":"pt_PT","og_type":"article","og_title":"Shows em Lisboa - Maxime Hotel","og_description":"Vers\u00e1teis, surpreendentes e viciantes, assim s\u00e3o os shows do Maxime, feitos para relembrar o antigo cabaret ic\u00f3nico. Viagens deslumbrantes pelo mundo do cabaret, burlesco e circo, acompanhadas por um jantar, stand-ups de com\u00e9dia, m\u00fasica ao vivo, teatro&#8230; entre tantos outros. Se s\u00e3o art\u00edsticos e \u00fanicos, t\u00eam aqui lugar.","og_url":"https:\/\/www.maximehotellisbon.com\/pt-pt\/shows-lisboa\/","og_site_name":"Maxime Hotel","article_modified_time":"2022-11-29T14:33:33+00:00","twitter_card":"summary_large_image","twitter_misc":{"Tempo estimado de leitura":"1 minuto"},"schema":{"@context":"https:\/\/schema.org","@graph":[{"@type":"WebPage","@id":"https:\/\/www.maximehotellisbon.com\/pt-pt\/shows-lisboa\/","url":"https:\/\/www.maximehotellisbon.com\/pt-pt\/shows-lisboa\/","name":"Shows em Lisboa - Maxime Hotel","isPartOf":{"@id":"https:\/\/www.maximehotellisbon.com\/pt-pt\/#website"},"datePublished":"2020-11-19T15:43:58+00:00","dateModified":"2022-11-29T14:33:33+00:00","breadcrumb":{"@id":"https:\/\/www.maximehotellisbon.com\/pt-pt\/shows-lisboa\/#breadcrumb"},"inLanguage":"pt-PT","potentialAction":[{"@type":"ReadAction","target":["https:\/\/www.maximehotellisbon.com\/pt-pt\/shows-lisboa\/"]}]},{"@type":"BreadcrumbList","@id":"https:\/\/www.maximehotellisbon.com\/pt-pt\/shows-lisboa\/#breadcrumb","itemListElement":[{"@type":"ListItem","position":1,"name":"Home","item":"https:\/\/www.maximehotellisbon.com\/pt-pt\/"},{"@type":"ListItem","position":2,"name":"Shows em Lisboa"}]},{"@type":"WebSite","@id":"https:\/\/www.maximehotellisbon.com\/pt-pt\/#website","url":"https:\/\/www.maximehotellisbon.com\/pt-pt\/","name":"Maxime Hotel","description":"Just another ms.decms.eu site","potentialAction":[{"@type":"SearchAction","target":{"@type":"EntryPoint","urlTemplate":"https:\/\/www.maximehotellisbon.com\/pt-pt\/?s={search_term_string}"},"query-input":{"@type":"PropertyValueSpecification","valueRequired":true,"valueName":"search_term_string"}}],"inLanguage":"pt-PT"}]}},"acf":[],"_links":{"self":[{"href":"https:\/\/www.maximehotellisbon.com\/pt-pt\/wp-json\/wp\/v2\/pages\/274","targetHints":{"allow":["GET"]}}],"collection":[{"href":"https:\/\/www.maximehotellisbon.com\/pt-pt\/wp-json\/wp\/v2\/pages"}],"about":[{"href":"https:\/\/www.maximehotellisbon.com\/pt-pt\/wp-json\/wp\/v2\/types\/page"}],"author":[{"embeddable":true,"href":"https:\/\/www.maximehotellisbon.com\/pt-pt\/wp-json\/wp\/v2\/users\/36"}],"replies":[{"embeddable":true,"href":"https:\/\/www.maximehotellisbon.com\/pt-pt\/wp-json\/wp\/v2\/comments?post=274"}],"version-history":[{"count":0,"href":"https:\/\/www.maximehotellisbon.com\/pt-pt\/wp-json\/wp\/v2\/pages\/274\/revisions"}],"wp:attachment":[{"href":"https:\/\/www.maximehotellisbon.com\/pt-pt\/wp-json\/wp\/v2\/media?parent=274"}],"curies":[{"name":"wp","href":"https:\/\/api.w.org\/{rel}","templated":true}]}}