{"id":243,"date":"2020-11-19T13:37:25","date_gmt":"2020-11-19T13:37:25","guid":{"rendered":"http:\/\/hotel-maxime.ms.decms.eu\/?page_id=243"},"modified":"2022-06-02T10:03:55","modified_gmt":"2022-06-02T10:03:55","slug":"lisboa","status":"publish","type":"page","link":"https:\/\/www.maximehotellisbon.com\/pt-pt\/lisboa\/","title":{"rendered":"Lisboa"},"content":{"rendered":"<p>Considerada uma das mais belas cidades do mundo, Lisboa \u00e9 a capital mais ocidental da Europa, situada a oeste de Portugal, na costa do Oceano Atl\u00e2ntico.<br \/>\nInicie esta viagem no Castelo de S\u00e3o Jorge, que oferece uma magn\u00edfica vista panor\u00e2mica da cidade e do rio. Na colina oposta, fica um dos bairros mais t\u00edpicos de Lisboa, o Bairro Alto, zona nocturna por excel\u00eancia, com restaurantes t\u00edpicos de Fado vadio.<br \/>\nConhecida pelos seus fabulosos past\u00e9is de nata, Bel\u00e9m concentra os mais imponentes monumentos de Lisboa, como o Mosteiro dos Jer\u00f3nimos, o Padr\u00e3o dos Descobrimentos, o Centro Cultural de Bel\u00e9m ou a t\u00e3o famosa Torre de Bel\u00e9m.<br \/>\nNo entanto, Lisboa \u201cmenina e mo\u00e7a\u201d, como em tempos foi chamada, \u00e9 uma cidade para descobrir dia ap\u00f3s dia, o seu encanto marca todos os que a visitam, e deixa-lhes a principal caracter\u00edstica do Fado&#8230; a saudade.<\/p>\n","protected":false},"excerpt":{"rendered":"<p>Considerada uma das mais belas cidades do mundo, Lisboa \u00e9 a capital mais ocidental da Europa, situada a oeste de Portugal, na costa do Oceano Atl\u00e2ntico. Inicie esta viagem no Castelo de S\u00e3o Jorge, que oferece uma magn\u00edfica vista panor\u00e2mica da cidade e do rio. Na colina oposta, fica um dos bairros mais t\u00edpicos de [&hellip;]<\/p>\n","protected":false},"author":36,"featured_media":0,"parent":0,"menu_order":70,"comment_status":"closed","ping_status":"closed","template":"","meta":{"footnotes":""},"class_list":["post-243","page","type-page","status-publish","hentry"],"yoast_head":"<!-- This site is optimized with the Yoast SEO plugin v26.9 - https:\/\/yoast.com\/product\/yoast-seo-wordpress\/ -->\n<title>Lisboa - Maxime Hotel<\/title>\n<meta name=\"robots\" content=\"index, follow, max-snippet:-1, max-image-preview:large, max-video-preview:-1\" \/>\n<link rel=\"canonical\" href=\"https:\/\/www.maximehotellisbon.com\/pt-pt\/lisboa\/\" \/>\n<meta property=\"og:locale\" content=\"pt_PT\" \/>\n<meta property=\"og:type\" content=\"article\" \/>\n<meta property=\"og:title\" content=\"Lisboa - Maxime Hotel\" \/>\n<meta property=\"og:description\" content=\"Considerada uma das mais belas cidades do mundo, Lisboa \u00e9 a capital mais ocidental da Europa, situada a oeste de Portugal, na costa do Oceano Atl\u00e2ntico. Inicie esta viagem no Castelo de S\u00e3o Jorge, que oferece uma magn\u00edfica vista panor\u00e2mica da cidade e do rio. Na colina oposta, fica um dos bairros mais t\u00edpicos de [&hellip;]\" \/>\n<meta property=\"og:url\" content=\"https:\/\/www.maximehotellisbon.com\/pt-pt\/lisboa\/\" \/>\n<meta property=\"og:site_name\" content=\"Maxime Hotel\" \/>\n<meta property=\"article:modified_time\" content=\"2022-06-02T10:03:55+00:00\" \/>\n<meta name=\"twitter:card\" content=\"summary_large_image\" \/>\n<meta name=\"twitter:label1\" content=\"Tempo estimado de leitura\" \/>\n\t<meta name=\"twitter:data1\" content=\"1 minuto\" \/>\n<script type=\"application\/ld+json\" class=\"yoast-schema-graph\">{\"@context\":\"https:\/\/schema.org\",\"@graph\":[{\"@type\":\"WebPage\",\"@id\":\"https:\/\/www.maximehotellisbon.com\/pt-pt\/lisboa\/\",\"url\":\"https:\/\/www.maximehotellisbon.com\/pt-pt\/lisboa\/\",\"name\":\"Lisboa - Maxime Hotel\",\"isPartOf\":{\"@id\":\"https:\/\/www.maximehotellisbon.com\/pt-pt\/#website\"},\"datePublished\":\"2020-11-19T13:37:25+00:00\",\"dateModified\":\"2022-06-02T10:03:55+00:00\",\"breadcrumb\":{\"@id\":\"https:\/\/www.maximehotellisbon.com\/pt-pt\/lisboa\/#breadcrumb\"},\"inLanguage\":\"pt-PT\",\"potentialAction\":[{\"@type\":\"ReadAction\",\"target\":[\"https:\/\/www.maximehotellisbon.com\/pt-pt\/lisboa\/\"]}]},{\"@type\":\"BreadcrumbList\",\"@id\":\"https:\/\/www.maximehotellisbon.com\/pt-pt\/lisboa\/#breadcrumb\",\"itemListElement\":[{\"@type\":\"ListItem\",\"position\":1,\"name\":\"Home\",\"item\":\"https:\/\/www.maximehotellisbon.com\/pt-pt\/\"},{\"@type\":\"ListItem\",\"position\":2,\"name\":\"Lisboa\"}]},{\"@type\":\"WebSite\",\"@id\":\"https:\/\/www.maximehotellisbon.com\/pt-pt\/#website\",\"url\":\"https:\/\/www.maximehotellisbon.com\/pt-pt\/\",\"name\":\"Maxime Hotel\",\"description\":\"Just another ms.decms.eu site\",\"potentialAction\":[{\"@type\":\"SearchAction\",\"target\":{\"@type\":\"EntryPoint\",\"urlTemplate\":\"https:\/\/www.maximehotellisbon.com\/pt-pt\/?s={search_term_string}\"},\"query-input\":{\"@type\":\"PropertyValueSpecification\",\"valueRequired\":true,\"valueName\":\"search_term_string\"}}],\"inLanguage\":\"pt-PT\"}]}<\/script>\n<!-- \/ Yoast SEO plugin. -->","yoast_head_json":{"title":"Lisboa - Maxime Hotel","robots":{"index":"index","follow":"follow","max-snippet":"max-snippet:-1","max-image-preview":"max-image-preview:large","max-video-preview":"max-video-preview:-1"},"canonical":"https:\/\/www.maximehotellisbon.com\/pt-pt\/lisboa\/","og_locale":"pt_PT","og_type":"article","og_title":"Lisboa - Maxime Hotel","og_description":"Considerada uma das mais belas cidades do mundo, Lisboa \u00e9 a capital mais ocidental da Europa, situada a oeste de Portugal, na costa do Oceano Atl\u00e2ntico. Inicie esta viagem no Castelo de S\u00e3o Jorge, que oferece uma magn\u00edfica vista panor\u00e2mica da cidade e do rio. Na colina oposta, fica um dos bairros mais t\u00edpicos de [&hellip;]","og_url":"https:\/\/www.maximehotellisbon.com\/pt-pt\/lisboa\/","og_site_name":"Maxime Hotel","article_modified_time":"2022-06-02T10:03:55+00:00","twitter_card":"summary_large_image","twitter_misc":{"Tempo estimado de leitura":"1 minuto"},"schema":{"@context":"https:\/\/schema.org","@graph":[{"@type":"WebPage","@id":"https:\/\/www.maximehotellisbon.com\/pt-pt\/lisboa\/","url":"https:\/\/www.maximehotellisbon.com\/pt-pt\/lisboa\/","name":"Lisboa - Maxime Hotel","isPartOf":{"@id":"https:\/\/www.maximehotellisbon.com\/pt-pt\/#website"},"datePublished":"2020-11-19T13:37:25+00:00","dateModified":"2022-06-02T10:03:55+00:00","breadcrumb":{"@id":"https:\/\/www.maximehotellisbon.com\/pt-pt\/lisboa\/#breadcrumb"},"inLanguage":"pt-PT","potentialAction":[{"@type":"ReadAction","target":["https:\/\/www.maximehotellisbon.com\/pt-pt\/lisboa\/"]}]},{"@type":"BreadcrumbList","@id":"https:\/\/www.maximehotellisbon.com\/pt-pt\/lisboa\/#breadcrumb","itemListElement":[{"@type":"ListItem","position":1,"name":"Home","item":"https:\/\/www.maximehotellisbon.com\/pt-pt\/"},{"@type":"ListItem","position":2,"name":"Lisboa"}]},{"@type":"WebSite","@id":"https:\/\/www.maximehotellisbon.com\/pt-pt\/#website","url":"https:\/\/www.maximehotellisbon.com\/pt-pt\/","name":"Maxime Hotel","description":"Just another ms.decms.eu site","potentialAction":[{"@type":"SearchAction","target":{"@type":"EntryPoint","urlTemplate":"https:\/\/www.maximehotellisbon.com\/pt-pt\/?s={search_term_string}"},"query-input":{"@type":"PropertyValueSpecification","valueRequired":true,"valueName":"search_term_string"}}],"inLanguage":"pt-PT"}]}},"acf":[],"_links":{"self":[{"href":"https:\/\/www.maximehotellisbon.com\/pt-pt\/wp-json\/wp\/v2\/pages\/243","targetHints":{"allow":["GET"]}}],"collection":[{"href":"https:\/\/www.maximehotellisbon.com\/pt-pt\/wp-json\/wp\/v2\/pages"}],"about":[{"href":"https:\/\/www.maximehotellisbon.com\/pt-pt\/wp-json\/wp\/v2\/types\/page"}],"author":[{"embeddable":true,"href":"https:\/\/www.maximehotellisbon.com\/pt-pt\/wp-json\/wp\/v2\/users\/36"}],"replies":[{"embeddable":true,"href":"https:\/\/www.maximehotellisbon.com\/pt-pt\/wp-json\/wp\/v2\/comments?post=243"}],"version-history":[{"count":0,"href":"https:\/\/www.maximehotellisbon.com\/pt-pt\/wp-json\/wp\/v2\/pages\/243\/revisions"}],"wp:attachment":[{"href":"https:\/\/www.maximehotellisbon.com\/pt-pt\/wp-json\/wp\/v2\/media?parent=243"}],"curies":[{"name":"wp","href":"https:\/\/api.w.org\/{rel}","templated":true}]}}