{"id":223,"date":"2020-11-19T10:00:43","date_gmt":"2020-11-19T10:00:43","guid":{"rendered":"http:\/\/hotel-maxime.ms.decms.eu\/?page_id=223"},"modified":"2026-02-03T10:45:21","modified_gmt":"2026-02-03T10:45:21","slug":"maxime-restaurante-bar","status":"publish","type":"page","link":"https:\/\/www.maximehotellisbon.com\/pt-pt\/maxime-restaurante-bar\/","title":{"rendered":"Maxime Restaurante-Bar"},"content":{"rendered":"<p style=\"text-align: center\">Entre no <strong>Maxime Restaurante<\/strong>, onde a hist\u00f3ria come\u00e7ou a 30 de novembro de 1949. Nessa quarta-feira \u00e0 noite, abrimos as nossas portas \u00e0 alta sociedade lisboeta e, desde ent\u00e3o, o Maxime tem sido um s\u00edmbolo de luxo, palco de estrelas, esconderijo secreto de amantes e centro de conspira\u00e7\u00f5es art\u00edsticas.<\/p>\n<p style=\"text-align: center\">Desde os tempos \u00e1ureos dos cabar\u00e9s at\u00e9 aos dias de hoje, recebemos actores, cantores, escritores, pintores e curiosos, todos reunidos \u00e0 mesa &#8211; sempre \u00e0 mesa. O ambiente evoluiu, mas uma coisa permanece verdadeira: os cl\u00e1ssicos nunca envelhecem.<\/p>\n<p style=\"text-align: center\">No Maxime Restaurante, inspiramo-nos nos quatro cantos do mundo, mantendo-nos fi\u00e9is \u00e0s nossas ra\u00edzes lisboetas. O nosso menu \u00e9 uma homenagem \u00e0 cidade, oferecendo sabores que evocam mem\u00f3rias &#8211; simples mas ricos, locais mas ocasionalmente influenciados por terras distantes.<\/p>\n<p style=\"text-align: center\">\u00c9 um gosto de nostalgia, um sentimento de perten\u00e7a que queremos partilhar com todos os que nos visitam. O ambiente \u00e9 de eleg\u00e2ncia e intemporal, pois honramos o legado daqueles que passaram pelas nossas portas. Hoje, celebramos o patrim\u00f3nio gastron\u00f3mico de Lisboa, prometendo manter a tradi\u00e7\u00e3o que nos define h\u00e1 mais de sete d\u00e9cadas.<\/p>\n","protected":false},"excerpt":{"rendered":"<p>Entre no Maxime Restaurante, onde a hist\u00f3ria come\u00e7ou a 30 de novembro de 1949. Nessa quarta-feira \u00e0 noite, abrimos as nossas portas \u00e0 alta sociedade lisboeta e, desde ent\u00e3o, o Maxime tem sido um s\u00edmbolo de luxo, palco de estrelas, esconderijo secreto de amantes e centro de conspira\u00e7\u00f5es art\u00edsticas. Desde os tempos \u00e1ureos dos cabar\u00e9s [&hellip;]<\/p>\n","protected":false},"author":36,"featured_media":1646,"parent":0,"menu_order":30,"comment_status":"closed","ping_status":"closed","template":"template-restaurant.php","meta":{"footnotes":""},"class_list":["post-223","page","type-page","status-publish","has-post-thumbnail","hentry"],"yoast_head":"<!-- This site is optimized with the Yoast SEO plugin v26.9 - https:\/\/yoast.com\/product\/yoast-seo-wordpress\/ -->\n<title>Maxime Restaurante-Bar - Maxime Hotel<\/title>\n<meta name=\"robots\" content=\"index, follow, max-snippet:-1, max-image-preview:large, max-video-preview:-1\" \/>\n<link rel=\"canonical\" href=\"https:\/\/www.maximehotellisbon.com\/pt-pt\/maxime-restaurante-bar\/\" \/>\n<meta property=\"og:locale\" content=\"pt_PT\" \/>\n<meta property=\"og:type\" content=\"article\" \/>\n<meta property=\"og:title\" content=\"Maxime Restaurante-Bar - Maxime Hotel\" \/>\n<meta property=\"og:description\" content=\"Entre no Maxime Restaurante, onde a hist\u00f3ria come\u00e7ou a 30 de novembro de 1949. Nessa quarta-feira \u00e0 noite, abrimos as nossas portas \u00e0 alta sociedade lisboeta e, desde ent\u00e3o, o Maxime tem sido um s\u00edmbolo de luxo, palco de estrelas, esconderijo secreto de amantes e centro de conspira\u00e7\u00f5es art\u00edsticas. Desde os tempos \u00e1ureos dos cabar\u00e9s [&hellip;]\" \/>\n<meta property=\"og:url\" content=\"https:\/\/www.maximehotellisbon.com\/pt-pt\/maxime-restaurante-bar\/\" \/>\n<meta property=\"og:site_name\" content=\"Maxime Hotel\" \/>\n<meta property=\"article:modified_time\" content=\"2026-02-03T10:45:21+00:00\" \/>\n<meta property=\"og:image\" content=\"https:\/\/www.maximehotellisbon.com\/wp-content\/uploads\/sites\/222\/2024\/10\/Maxime-Restaurante-Bar-Lisboa.jpg\" \/>\n\t<meta property=\"og:image:width\" content=\"1600\" \/>\n\t<meta property=\"og:image:height\" content=\"1200\" \/>\n\t<meta property=\"og:image:type\" content=\"image\/jpeg\" \/>\n<meta name=\"twitter:card\" content=\"summary_large_image\" \/>\n<meta name=\"twitter:label1\" content=\"Tempo estimado de leitura\" \/>\n\t<meta name=\"twitter:data1\" content=\"1 minuto\" \/>\n<script type=\"application\/ld+json\" class=\"yoast-schema-graph\">{\"@context\":\"https:\/\/schema.org\",\"@graph\":[{\"@type\":\"WebPage\",\"@id\":\"https:\/\/www.maximehotellisbon.com\/pt-pt\/maxime-restaurante-bar\/\",\"url\":\"https:\/\/www.maximehotellisbon.com\/pt-pt\/maxime-restaurante-bar\/\",\"name\":\"Maxime Restaurante-Bar - Maxime Hotel\",\"isPartOf\":{\"@id\":\"https:\/\/www.maximehotellisbon.com\/pt-pt\/#website\"},\"primaryImageOfPage\":{\"@id\":\"https:\/\/www.maximehotellisbon.com\/pt-pt\/maxime-restaurante-bar\/#primaryimage\"},\"image\":{\"@id\":\"https:\/\/www.maximehotellisbon.com\/pt-pt\/maxime-restaurante-bar\/#primaryimage\"},\"thumbnailUrl\":\"https:\/\/www.maximehotellisbon.com\/wp-content\/uploads\/sites\/222\/2024\/10\/Maxime-Restaurante-Bar-Lisboa.jpg\",\"datePublished\":\"2020-11-19T10:00:43+00:00\",\"dateModified\":\"2026-02-03T10:45:21+00:00\",\"breadcrumb\":{\"@id\":\"https:\/\/www.maximehotellisbon.com\/pt-pt\/maxime-restaurante-bar\/#breadcrumb\"},\"inLanguage\":\"pt-PT\",\"potentialAction\":[{\"@type\":\"ReadAction\",\"target\":[\"https:\/\/www.maximehotellisbon.com\/pt-pt\/maxime-restaurante-bar\/\"]}]},{\"@type\":\"ImageObject\",\"inLanguage\":\"pt-PT\",\"@id\":\"https:\/\/www.maximehotellisbon.com\/pt-pt\/maxime-restaurante-bar\/#primaryimage\",\"url\":\"https:\/\/www.maximehotellisbon.com\/wp-content\/uploads\/sites\/222\/2024\/10\/Maxime-Restaurante-Bar-Lisboa.jpg\",\"contentUrl\":\"https:\/\/www.maximehotellisbon.com\/wp-content\/uploads\/sites\/222\/2024\/10\/Maxime-Restaurante-Bar-Lisboa.jpg\",\"width\":1600,\"height\":1200},{\"@type\":\"BreadcrumbList\",\"@id\":\"https:\/\/www.maximehotellisbon.com\/pt-pt\/maxime-restaurante-bar\/#breadcrumb\",\"itemListElement\":[{\"@type\":\"ListItem\",\"position\":1,\"name\":\"Home\",\"item\":\"https:\/\/www.maximehotellisbon.com\/pt-pt\/\"},{\"@type\":\"ListItem\",\"position\":2,\"name\":\"Maxime Restaurante-Bar\"}]},{\"@type\":\"WebSite\",\"@id\":\"https:\/\/www.maximehotellisbon.com\/pt-pt\/#website\",\"url\":\"https:\/\/www.maximehotellisbon.com\/pt-pt\/\",\"name\":\"Maxime Hotel\",\"description\":\"Just another ms.decms.eu site\",\"potentialAction\":[{\"@type\":\"SearchAction\",\"target\":{\"@type\":\"EntryPoint\",\"urlTemplate\":\"https:\/\/www.maximehotellisbon.com\/pt-pt\/?s={search_term_string}\"},\"query-input\":{\"@type\":\"PropertyValueSpecification\",\"valueRequired\":true,\"valueName\":\"search_term_string\"}}],\"inLanguage\":\"pt-PT\"}]}<\/script>\n<!-- \/ Yoast SEO plugin. -->","yoast_head_json":{"title":"Maxime Restaurante-Bar - Maxime Hotel","robots":{"index":"index","follow":"follow","max-snippet":"max-snippet:-1","max-image-preview":"max-image-preview:large","max-video-preview":"max-video-preview:-1"},"canonical":"https:\/\/www.maximehotellisbon.com\/pt-pt\/maxime-restaurante-bar\/","og_locale":"pt_PT","og_type":"article","og_title":"Maxime Restaurante-Bar - Maxime Hotel","og_description":"Entre no Maxime Restaurante, onde a hist\u00f3ria come\u00e7ou a 30 de novembro de 1949. Nessa quarta-feira \u00e0 noite, abrimos as nossas portas \u00e0 alta sociedade lisboeta e, desde ent\u00e3o, o Maxime tem sido um s\u00edmbolo de luxo, palco de estrelas, esconderijo secreto de amantes e centro de conspira\u00e7\u00f5es art\u00edsticas. Desde os tempos \u00e1ureos dos cabar\u00e9s [&hellip;]","og_url":"https:\/\/www.maximehotellisbon.com\/pt-pt\/maxime-restaurante-bar\/","og_site_name":"Maxime Hotel","article_modified_time":"2026-02-03T10:45:21+00:00","og_image":[{"width":1600,"height":1200,"url":"https:\/\/www.maximehotellisbon.com\/wp-content\/uploads\/sites\/222\/2024\/10\/Maxime-Restaurante-Bar-Lisboa.jpg","type":"image\/jpeg"}],"twitter_card":"summary_large_image","twitter_misc":{"Tempo estimado de leitura":"1 minuto"},"schema":{"@context":"https:\/\/schema.org","@graph":[{"@type":"WebPage","@id":"https:\/\/www.maximehotellisbon.com\/pt-pt\/maxime-restaurante-bar\/","url":"https:\/\/www.maximehotellisbon.com\/pt-pt\/maxime-restaurante-bar\/","name":"Maxime Restaurante-Bar - Maxime Hotel","isPartOf":{"@id":"https:\/\/www.maximehotellisbon.com\/pt-pt\/#website"},"primaryImageOfPage":{"@id":"https:\/\/www.maximehotellisbon.com\/pt-pt\/maxime-restaurante-bar\/#primaryimage"},"image":{"@id":"https:\/\/www.maximehotellisbon.com\/pt-pt\/maxime-restaurante-bar\/#primaryimage"},"thumbnailUrl":"https:\/\/www.maximehotellisbon.com\/wp-content\/uploads\/sites\/222\/2024\/10\/Maxime-Restaurante-Bar-Lisboa.jpg","datePublished":"2020-11-19T10:00:43+00:00","dateModified":"2026-02-03T10:45:21+00:00","breadcrumb":{"@id":"https:\/\/www.maximehotellisbon.com\/pt-pt\/maxime-restaurante-bar\/#breadcrumb"},"inLanguage":"pt-PT","potentialAction":[{"@type":"ReadAction","target":["https:\/\/www.maximehotellisbon.com\/pt-pt\/maxime-restaurante-bar\/"]}]},{"@type":"ImageObject","inLanguage":"pt-PT","@id":"https:\/\/www.maximehotellisbon.com\/pt-pt\/maxime-restaurante-bar\/#primaryimage","url":"https:\/\/www.maximehotellisbon.com\/wp-content\/uploads\/sites\/222\/2024\/10\/Maxime-Restaurante-Bar-Lisboa.jpg","contentUrl":"https:\/\/www.maximehotellisbon.com\/wp-content\/uploads\/sites\/222\/2024\/10\/Maxime-Restaurante-Bar-Lisboa.jpg","width":1600,"height":1200},{"@type":"BreadcrumbList","@id":"https:\/\/www.maximehotellisbon.com\/pt-pt\/maxime-restaurante-bar\/#breadcrumb","itemListElement":[{"@type":"ListItem","position":1,"name":"Home","item":"https:\/\/www.maximehotellisbon.com\/pt-pt\/"},{"@type":"ListItem","position":2,"name":"Maxime Restaurante-Bar"}]},{"@type":"WebSite","@id":"https:\/\/www.maximehotellisbon.com\/pt-pt\/#website","url":"https:\/\/www.maximehotellisbon.com\/pt-pt\/","name":"Maxime Hotel","description":"Just another ms.decms.eu site","potentialAction":[{"@type":"SearchAction","target":{"@type":"EntryPoint","urlTemplate":"https:\/\/www.maximehotellisbon.com\/pt-pt\/?s={search_term_string}"},"query-input":{"@type":"PropertyValueSpecification","valueRequired":true,"valueName":"search_term_string"}}],"inLanguage":"pt-PT"}]}},"acf":[],"_links":{"self":[{"href":"https:\/\/www.maximehotellisbon.com\/pt-pt\/wp-json\/wp\/v2\/pages\/223","targetHints":{"allow":["GET"]}}],"collection":[{"href":"https:\/\/www.maximehotellisbon.com\/pt-pt\/wp-json\/wp\/v2\/pages"}],"about":[{"href":"https:\/\/www.maximehotellisbon.com\/pt-pt\/wp-json\/wp\/v2\/types\/page"}],"author":[{"embeddable":true,"href":"https:\/\/www.maximehotellisbon.com\/pt-pt\/wp-json\/wp\/v2\/users\/36"}],"replies":[{"embeddable":true,"href":"https:\/\/www.maximehotellisbon.com\/pt-pt\/wp-json\/wp\/v2\/comments?post=223"}],"version-history":[{"count":0,"href":"https:\/\/www.maximehotellisbon.com\/pt-pt\/wp-json\/wp\/v2\/pages\/223\/revisions"}],"wp:featuredmedia":[{"embeddable":true,"href":"https:\/\/www.maximehotellisbon.com\/pt-pt\/wp-json\/wp\/v2\/media\/1646"}],"wp:attachment":[{"href":"https:\/\/www.maximehotellisbon.com\/pt-pt\/wp-json\/wp\/v2\/media?parent=223"}],"curies":[{"name":"wp","href":"https:\/\/api.w.org\/{rel}","templated":true}]}}