{"id":166,"date":"2020-11-18T16:30:06","date_gmt":"2020-11-18T16:30:06","guid":{"rendered":"http:\/\/hotel-maxime.ms.decms.eu\/?page_id=166"},"modified":"2026-02-12T16:04:37","modified_gmt":"2026-02-12T16:04:37","slug":"bar-room","status":"publish","type":"page","link":"https:\/\/www.maximehotellisbon.com\/pt-pt\/quartos-no-centro-de-lisboa\/bar-room\/","title":{"rendered":"Bar Room"},"content":{"rendered":"<p style=\"text-align: center\">A noite prometia divers\u00e3o selvagem, sempre a <em>flirtar<\/em> com a rebeli\u00e3o. Se os loucos anos 20 foram um frenesim, os anos que se seguiram n\u00e3o foram menos intoxicantes.<\/p>\n<p style=\"text-align: center\">Neste <strong>quarto tem\u00e1tico Bar<\/strong>, a proibi\u00e7\u00e3o n\u00e3o teve qualquer hip\u00f3tese contra o absinto, desaparecendo t\u00e3o rapidamente como apareceu.<\/p>\n<p style=\"text-align: center\">Os dados rolaram rapidamente nas mesas, e um novo tipo de loucura tomou conta de Portugal, trazido pela infame Madame. As drogas atravessaram fronteiras, cativando dan\u00e7arinos e transformando-os em for\u00e7as impar\u00e1veis, escravizados por aqueles que prosperavam com o seu caos.<\/p>\n<p style=\"text-align: center\">Lisboa foi arrastada para um perigoso turbilh\u00e3o de bebidas, jogo e drogas. Rock &amp; Roll? Ainda \u00e0 espera nas asas.<\/p>\n","protected":false},"excerpt":{"rendered":"<p>A noite prometia divers\u00e3o selvagem, sempre a flirtar com a rebeli\u00e3o. Se os loucos anos 20 foram um frenesim, os anos que se seguiram n\u00e3o foram menos intoxicantes. Neste quarto tem\u00e1tico Bar, a proibi\u00e7\u00e3o n\u00e3o teve qualquer hip\u00f3tese contra o absinto, desaparecendo t\u00e3o rapidamente como apareceu. Os dados rolaram rapidamente nas mesas, e um novo [&hellip;]<\/p>\n","protected":false},"author":36,"featured_media":0,"parent":97,"menu_order":50,"comment_status":"closed","ping_status":"closed","template":"template-room.php","meta":{"footnotes":""},"class_list":["post-166","page","type-page","status-publish","hentry"],"yoast_head":"<!-- This site is optimized with the Yoast SEO plugin v26.9 - https:\/\/yoast.com\/product\/yoast-seo-wordpress\/ -->\n<title>Bar Room - Maxime Hotel<\/title>\n<meta name=\"robots\" content=\"index, follow, max-snippet:-1, max-image-preview:large, max-video-preview:-1\" \/>\n<link rel=\"canonical\" href=\"https:\/\/www.maximehotellisbon.com\/pt-pt\/quartos-no-centro-de-lisboa\/bar-room\/\" \/>\n<meta property=\"og:locale\" content=\"pt_PT\" \/>\n<meta property=\"og:type\" content=\"article\" \/>\n<meta property=\"og:title\" content=\"Bar Room - Maxime Hotel\" \/>\n<meta property=\"og:description\" content=\"A noite prometia divers\u00e3o selvagem, sempre a flirtar com a rebeli\u00e3o. Se os loucos anos 20 foram um frenesim, os anos que se seguiram n\u00e3o foram menos intoxicantes. Neste quarto tem\u00e1tico Bar, a proibi\u00e7\u00e3o n\u00e3o teve qualquer hip\u00f3tese contra o absinto, desaparecendo t\u00e3o rapidamente como apareceu. Os dados rolaram rapidamente nas mesas, e um novo [&hellip;]\" \/>\n<meta property=\"og:url\" content=\"https:\/\/www.maximehotellisbon.com\/pt-pt\/quartos-no-centro-de-lisboa\/bar-room\/\" \/>\n<meta property=\"og:site_name\" content=\"Maxime Hotel\" \/>\n<meta property=\"article:modified_time\" content=\"2026-02-12T16:04:37+00:00\" \/>\n<meta name=\"twitter:card\" content=\"summary_large_image\" \/>\n<meta name=\"twitter:label1\" content=\"Tempo estimado de leitura\" \/>\n\t<meta name=\"twitter:data1\" content=\"1 minuto\" \/>\n<script type=\"application\/ld+json\" class=\"yoast-schema-graph\">{\"@context\":\"https:\/\/schema.org\",\"@graph\":[{\"@type\":\"WebPage\",\"@id\":\"https:\/\/www.maximehotellisbon.com\/pt-pt\/quartos-no-centro-de-lisboa\/bar-room\/\",\"url\":\"https:\/\/www.maximehotellisbon.com\/pt-pt\/quartos-no-centro-de-lisboa\/bar-room\/\",\"name\":\"Bar Room - Maxime Hotel\",\"isPartOf\":{\"@id\":\"https:\/\/www.maximehotellisbon.com\/pt-pt\/#website\"},\"datePublished\":\"2020-11-18T16:30:06+00:00\",\"dateModified\":\"2026-02-12T16:04:37+00:00\",\"breadcrumb\":{\"@id\":\"https:\/\/www.maximehotellisbon.com\/pt-pt\/quartos-no-centro-de-lisboa\/bar-room\/#breadcrumb\"},\"inLanguage\":\"pt-PT\",\"potentialAction\":[{\"@type\":\"ReadAction\",\"target\":[\"https:\/\/www.maximehotellisbon.com\/pt-pt\/quartos-no-centro-de-lisboa\/bar-room\/\"]}]},{\"@type\":\"BreadcrumbList\",\"@id\":\"https:\/\/www.maximehotellisbon.com\/pt-pt\/quartos-no-centro-de-lisboa\/bar-room\/#breadcrumb\",\"itemListElement\":[{\"@type\":\"ListItem\",\"position\":1,\"name\":\"Home\",\"item\":\"https:\/\/www.maximehotellisbon.com\/pt-pt\/\"},{\"@type\":\"ListItem\",\"position\":2,\"name\":\"Os nossos Quartos\",\"item\":\"https:\/\/www.maximehotellisbon.com\/pt-pt\/quartos-no-centro-de-lisboa\/\"},{\"@type\":\"ListItem\",\"position\":3,\"name\":\"Bar Room\"}]},{\"@type\":\"WebSite\",\"@id\":\"https:\/\/www.maximehotellisbon.com\/pt-pt\/#website\",\"url\":\"https:\/\/www.maximehotellisbon.com\/pt-pt\/\",\"name\":\"Maxime Hotel\",\"description\":\"Just another ms.decms.eu site\",\"potentialAction\":[{\"@type\":\"SearchAction\",\"target\":{\"@type\":\"EntryPoint\",\"urlTemplate\":\"https:\/\/www.maximehotellisbon.com\/pt-pt\/?s={search_term_string}\"},\"query-input\":{\"@type\":\"PropertyValueSpecification\",\"valueRequired\":true,\"valueName\":\"search_term_string\"}}],\"inLanguage\":\"pt-PT\"}]}<\/script>\n<!-- \/ Yoast SEO plugin. -->","yoast_head_json":{"title":"Bar Room - Maxime Hotel","robots":{"index":"index","follow":"follow","max-snippet":"max-snippet:-1","max-image-preview":"max-image-preview:large","max-video-preview":"max-video-preview:-1"},"canonical":"https:\/\/www.maximehotellisbon.com\/pt-pt\/quartos-no-centro-de-lisboa\/bar-room\/","og_locale":"pt_PT","og_type":"article","og_title":"Bar Room - Maxime Hotel","og_description":"A noite prometia divers\u00e3o selvagem, sempre a flirtar com a rebeli\u00e3o. Se os loucos anos 20 foram um frenesim, os anos que se seguiram n\u00e3o foram menos intoxicantes. Neste quarto tem\u00e1tico Bar, a proibi\u00e7\u00e3o n\u00e3o teve qualquer hip\u00f3tese contra o absinto, desaparecendo t\u00e3o rapidamente como apareceu. Os dados rolaram rapidamente nas mesas, e um novo [&hellip;]","og_url":"https:\/\/www.maximehotellisbon.com\/pt-pt\/quartos-no-centro-de-lisboa\/bar-room\/","og_site_name":"Maxime Hotel","article_modified_time":"2026-02-12T16:04:37+00:00","twitter_card":"summary_large_image","twitter_misc":{"Tempo estimado de leitura":"1 minuto"},"schema":{"@context":"https:\/\/schema.org","@graph":[{"@type":"WebPage","@id":"https:\/\/www.maximehotellisbon.com\/pt-pt\/quartos-no-centro-de-lisboa\/bar-room\/","url":"https:\/\/www.maximehotellisbon.com\/pt-pt\/quartos-no-centro-de-lisboa\/bar-room\/","name":"Bar Room - Maxime Hotel","isPartOf":{"@id":"https:\/\/www.maximehotellisbon.com\/pt-pt\/#website"},"datePublished":"2020-11-18T16:30:06+00:00","dateModified":"2026-02-12T16:04:37+00:00","breadcrumb":{"@id":"https:\/\/www.maximehotellisbon.com\/pt-pt\/quartos-no-centro-de-lisboa\/bar-room\/#breadcrumb"},"inLanguage":"pt-PT","potentialAction":[{"@type":"ReadAction","target":["https:\/\/www.maximehotellisbon.com\/pt-pt\/quartos-no-centro-de-lisboa\/bar-room\/"]}]},{"@type":"BreadcrumbList","@id":"https:\/\/www.maximehotellisbon.com\/pt-pt\/quartos-no-centro-de-lisboa\/bar-room\/#breadcrumb","itemListElement":[{"@type":"ListItem","position":1,"name":"Home","item":"https:\/\/www.maximehotellisbon.com\/pt-pt\/"},{"@type":"ListItem","position":2,"name":"Os nossos Quartos","item":"https:\/\/www.maximehotellisbon.com\/pt-pt\/quartos-no-centro-de-lisboa\/"},{"@type":"ListItem","position":3,"name":"Bar Room"}]},{"@type":"WebSite","@id":"https:\/\/www.maximehotellisbon.com\/pt-pt\/#website","url":"https:\/\/www.maximehotellisbon.com\/pt-pt\/","name":"Maxime Hotel","description":"Just another ms.decms.eu site","potentialAction":[{"@type":"SearchAction","target":{"@type":"EntryPoint","urlTemplate":"https:\/\/www.maximehotellisbon.com\/pt-pt\/?s={search_term_string}"},"query-input":{"@type":"PropertyValueSpecification","valueRequired":true,"valueName":"search_term_string"}}],"inLanguage":"pt-PT"}]}},"acf":[],"_links":{"self":[{"href":"https:\/\/www.maximehotellisbon.com\/pt-pt\/wp-json\/wp\/v2\/pages\/166","targetHints":{"allow":["GET"]}}],"collection":[{"href":"https:\/\/www.maximehotellisbon.com\/pt-pt\/wp-json\/wp\/v2\/pages"}],"about":[{"href":"https:\/\/www.maximehotellisbon.com\/pt-pt\/wp-json\/wp\/v2\/types\/page"}],"author":[{"embeddable":true,"href":"https:\/\/www.maximehotellisbon.com\/pt-pt\/wp-json\/wp\/v2\/users\/36"}],"replies":[{"embeddable":true,"href":"https:\/\/www.maximehotellisbon.com\/pt-pt\/wp-json\/wp\/v2\/comments?post=166"}],"version-history":[{"count":0,"href":"https:\/\/www.maximehotellisbon.com\/pt-pt\/wp-json\/wp\/v2\/pages\/166\/revisions"}],"up":[{"embeddable":true,"href":"https:\/\/www.maximehotellisbon.com\/pt-pt\/wp-json\/wp\/v2\/pages\/97"}],"wp:attachment":[{"href":"https:\/\/www.maximehotellisbon.com\/pt-pt\/wp-json\/wp\/v2\/media?parent=166"}],"curies":[{"name":"wp","href":"https:\/\/api.w.org\/{rel}","templated":true}]}}