{"id":152,"date":"2020-11-18T16:06:33","date_gmt":"2020-11-18T16:06:33","guid":{"rendered":"http:\/\/hotel-maxime.ms.decms.eu\/?page_id=152"},"modified":"2026-02-12T16:04:26","modified_gmt":"2026-02-12T16:04:26","slug":"dressing-room","status":"publish","type":"page","link":"https:\/\/www.maximehotellisbon.com\/pt-pt\/quartos-no-centro-de-lisboa\/dressing-room\/","title":{"rendered":"Dressing Room"},"content":{"rendered":"<p style=\"text-align: center\">No <strong>quarto tem\u00e1tico Camarim<\/strong>, entre no mundo de ambi\u00e7\u00e3o, rivalidade e glamour que outrora enchia os bastidores do Cabaret Maxime.<\/p>\n<p style=\"text-align: center\">O quarto \u00e9 uma homenagem \u00e0s ousadas dan\u00e7arinas espanholas que deixavam as suas casas para perseguir o estrelato nos clubes noturnos mais prestigiados de Lisboa. Espelhos vintage, tecidos ricos e espa\u00e7os de toucador pessoal evocam a emo\u00e7\u00e3o de se prepararem para a ribalta, onde todos os pormenores contavam na competi\u00e7\u00e3o feroz para brilhar mais no palco.<\/p>\n<p style=\"text-align: center\">Tal como Carmen e Lola, as irm\u00e3s que deixaram a sua marca no Maxime, esta sala \u00e9 uma mistura de carisma e talento. Aqui, podemos imaginar as hist\u00f3rias de artistas que se preparam para a sua grande estreia, os segredos sussurrados e os sonhos de fama partilhados. \u00c9 mais do que um quarto, \u00e9 um camarim e um peda\u00e7o da \u00e9poca de ouro do Maxime.<\/p>\n","protected":false},"excerpt":{"rendered":"<p>No quarto tem\u00e1tico Camarim, entre no mundo de ambi\u00e7\u00e3o, rivalidade e glamour que outrora enchia os bastidores do Cabaret Maxime. O quarto \u00e9 uma homenagem \u00e0s ousadas dan\u00e7arinas espanholas que deixavam as suas casas para perseguir o estrelato nos clubes noturnos mais prestigiados de Lisboa. Espelhos vintage, tecidos ricos e espa\u00e7os de toucador pessoal evocam [&hellip;]<\/p>\n","protected":false},"author":36,"featured_media":0,"parent":97,"menu_order":40,"comment_status":"closed","ping_status":"closed","template":"template-room.php","meta":{"footnotes":""},"class_list":["post-152","page","type-page","status-publish","hentry"],"yoast_head":"<!-- This site is optimized with the Yoast SEO plugin v26.9 - https:\/\/yoast.com\/product\/yoast-seo-wordpress\/ -->\n<title>Dressing Room - Maxime Hotel<\/title>\n<meta name=\"robots\" content=\"index, follow, max-snippet:-1, max-image-preview:large, max-video-preview:-1\" \/>\n<link rel=\"canonical\" href=\"https:\/\/www.maximehotellisbon.com\/pt-pt\/quartos-no-centro-de-lisboa\/dressing-room\/\" \/>\n<meta property=\"og:locale\" content=\"pt_PT\" \/>\n<meta property=\"og:type\" content=\"article\" \/>\n<meta property=\"og:title\" content=\"Dressing Room - Maxime Hotel\" \/>\n<meta property=\"og:description\" content=\"No quarto tem\u00e1tico Camarim, entre no mundo de ambi\u00e7\u00e3o, rivalidade e glamour que outrora enchia os bastidores do Cabaret Maxime. O quarto \u00e9 uma homenagem \u00e0s ousadas dan\u00e7arinas espanholas que deixavam as suas casas para perseguir o estrelato nos clubes noturnos mais prestigiados de Lisboa. Espelhos vintage, tecidos ricos e espa\u00e7os de toucador pessoal evocam [&hellip;]\" \/>\n<meta property=\"og:url\" content=\"https:\/\/www.maximehotellisbon.com\/pt-pt\/quartos-no-centro-de-lisboa\/dressing-room\/\" \/>\n<meta property=\"og:site_name\" content=\"Maxime Hotel\" \/>\n<meta property=\"article:modified_time\" content=\"2026-02-12T16:04:26+00:00\" \/>\n<meta name=\"twitter:card\" content=\"summary_large_image\" \/>\n<meta name=\"twitter:label1\" content=\"Tempo estimado de leitura\" \/>\n\t<meta name=\"twitter:data1\" content=\"1 minuto\" \/>\n<script type=\"application\/ld+json\" class=\"yoast-schema-graph\">{\"@context\":\"https:\/\/schema.org\",\"@graph\":[{\"@type\":\"WebPage\",\"@id\":\"https:\/\/www.maximehotellisbon.com\/pt-pt\/quartos-no-centro-de-lisboa\/dressing-room\/\",\"url\":\"https:\/\/www.maximehotellisbon.com\/pt-pt\/quartos-no-centro-de-lisboa\/dressing-room\/\",\"name\":\"Dressing Room - Maxime Hotel\",\"isPartOf\":{\"@id\":\"https:\/\/www.maximehotellisbon.com\/pt-pt\/#website\"},\"datePublished\":\"2020-11-18T16:06:33+00:00\",\"dateModified\":\"2026-02-12T16:04:26+00:00\",\"breadcrumb\":{\"@id\":\"https:\/\/www.maximehotellisbon.com\/pt-pt\/quartos-no-centro-de-lisboa\/dressing-room\/#breadcrumb\"},\"inLanguage\":\"pt-PT\",\"potentialAction\":[{\"@type\":\"ReadAction\",\"target\":[\"https:\/\/www.maximehotellisbon.com\/pt-pt\/quartos-no-centro-de-lisboa\/dressing-room\/\"]}]},{\"@type\":\"BreadcrumbList\",\"@id\":\"https:\/\/www.maximehotellisbon.com\/pt-pt\/quartos-no-centro-de-lisboa\/dressing-room\/#breadcrumb\",\"itemListElement\":[{\"@type\":\"ListItem\",\"position\":1,\"name\":\"Home\",\"item\":\"https:\/\/www.maximehotellisbon.com\/pt-pt\/\"},{\"@type\":\"ListItem\",\"position\":2,\"name\":\"Os nossos Quartos\",\"item\":\"https:\/\/www.maximehotellisbon.com\/pt-pt\/quartos-no-centro-de-lisboa\/\"},{\"@type\":\"ListItem\",\"position\":3,\"name\":\"Dressing Room\"}]},{\"@type\":\"WebSite\",\"@id\":\"https:\/\/www.maximehotellisbon.com\/pt-pt\/#website\",\"url\":\"https:\/\/www.maximehotellisbon.com\/pt-pt\/\",\"name\":\"Maxime Hotel\",\"description\":\"Just another ms.decms.eu site\",\"potentialAction\":[{\"@type\":\"SearchAction\",\"target\":{\"@type\":\"EntryPoint\",\"urlTemplate\":\"https:\/\/www.maximehotellisbon.com\/pt-pt\/?s={search_term_string}\"},\"query-input\":{\"@type\":\"PropertyValueSpecification\",\"valueRequired\":true,\"valueName\":\"search_term_string\"}}],\"inLanguage\":\"pt-PT\"}]}<\/script>\n<!-- \/ Yoast SEO plugin. -->","yoast_head_json":{"title":"Dressing Room - Maxime Hotel","robots":{"index":"index","follow":"follow","max-snippet":"max-snippet:-1","max-image-preview":"max-image-preview:large","max-video-preview":"max-video-preview:-1"},"canonical":"https:\/\/www.maximehotellisbon.com\/pt-pt\/quartos-no-centro-de-lisboa\/dressing-room\/","og_locale":"pt_PT","og_type":"article","og_title":"Dressing Room - Maxime Hotel","og_description":"No quarto tem\u00e1tico Camarim, entre no mundo de ambi\u00e7\u00e3o, rivalidade e glamour que outrora enchia os bastidores do Cabaret Maxime. O quarto \u00e9 uma homenagem \u00e0s ousadas dan\u00e7arinas espanholas que deixavam as suas casas para perseguir o estrelato nos clubes noturnos mais prestigiados de Lisboa. Espelhos vintage, tecidos ricos e espa\u00e7os de toucador pessoal evocam [&hellip;]","og_url":"https:\/\/www.maximehotellisbon.com\/pt-pt\/quartos-no-centro-de-lisboa\/dressing-room\/","og_site_name":"Maxime Hotel","article_modified_time":"2026-02-12T16:04:26+00:00","twitter_card":"summary_large_image","twitter_misc":{"Tempo estimado de leitura":"1 minuto"},"schema":{"@context":"https:\/\/schema.org","@graph":[{"@type":"WebPage","@id":"https:\/\/www.maximehotellisbon.com\/pt-pt\/quartos-no-centro-de-lisboa\/dressing-room\/","url":"https:\/\/www.maximehotellisbon.com\/pt-pt\/quartos-no-centro-de-lisboa\/dressing-room\/","name":"Dressing Room - Maxime Hotel","isPartOf":{"@id":"https:\/\/www.maximehotellisbon.com\/pt-pt\/#website"},"datePublished":"2020-11-18T16:06:33+00:00","dateModified":"2026-02-12T16:04:26+00:00","breadcrumb":{"@id":"https:\/\/www.maximehotellisbon.com\/pt-pt\/quartos-no-centro-de-lisboa\/dressing-room\/#breadcrumb"},"inLanguage":"pt-PT","potentialAction":[{"@type":"ReadAction","target":["https:\/\/www.maximehotellisbon.com\/pt-pt\/quartos-no-centro-de-lisboa\/dressing-room\/"]}]},{"@type":"BreadcrumbList","@id":"https:\/\/www.maximehotellisbon.com\/pt-pt\/quartos-no-centro-de-lisboa\/dressing-room\/#breadcrumb","itemListElement":[{"@type":"ListItem","position":1,"name":"Home","item":"https:\/\/www.maximehotellisbon.com\/pt-pt\/"},{"@type":"ListItem","position":2,"name":"Os nossos Quartos","item":"https:\/\/www.maximehotellisbon.com\/pt-pt\/quartos-no-centro-de-lisboa\/"},{"@type":"ListItem","position":3,"name":"Dressing Room"}]},{"@type":"WebSite","@id":"https:\/\/www.maximehotellisbon.com\/pt-pt\/#website","url":"https:\/\/www.maximehotellisbon.com\/pt-pt\/","name":"Maxime Hotel","description":"Just another ms.decms.eu site","potentialAction":[{"@type":"SearchAction","target":{"@type":"EntryPoint","urlTemplate":"https:\/\/www.maximehotellisbon.com\/pt-pt\/?s={search_term_string}"},"query-input":{"@type":"PropertyValueSpecification","valueRequired":true,"valueName":"search_term_string"}}],"inLanguage":"pt-PT"}]}},"acf":[],"_links":{"self":[{"href":"https:\/\/www.maximehotellisbon.com\/pt-pt\/wp-json\/wp\/v2\/pages\/152","targetHints":{"allow":["GET"]}}],"collection":[{"href":"https:\/\/www.maximehotellisbon.com\/pt-pt\/wp-json\/wp\/v2\/pages"}],"about":[{"href":"https:\/\/www.maximehotellisbon.com\/pt-pt\/wp-json\/wp\/v2\/types\/page"}],"author":[{"embeddable":true,"href":"https:\/\/www.maximehotellisbon.com\/pt-pt\/wp-json\/wp\/v2\/users\/36"}],"replies":[{"embeddable":true,"href":"https:\/\/www.maximehotellisbon.com\/pt-pt\/wp-json\/wp\/v2\/comments?post=152"}],"version-history":[{"count":0,"href":"https:\/\/www.maximehotellisbon.com\/pt-pt\/wp-json\/wp\/v2\/pages\/152\/revisions"}],"up":[{"embeddable":true,"href":"https:\/\/www.maximehotellisbon.com\/pt-pt\/wp-json\/wp\/v2\/pages\/97"}],"wp:attachment":[{"href":"https:\/\/www.maximehotellisbon.com\/pt-pt\/wp-json\/wp\/v2\/media?parent=152"}],"curies":[{"name":"wp","href":"https:\/\/api.w.org\/{rel}","templated":true}]}}