{"id":139,"date":"2020-11-18T15:51:41","date_gmt":"2020-11-18T15:51:41","guid":{"rendered":"http:\/\/hotel-maxime.ms.decms.eu\/?page_id=139"},"modified":"2026-02-12T16:03:22","modified_gmt":"2026-02-12T16:03:22","slug":"story-room","status":"publish","type":"page","link":"https:\/\/www.maximehotellisbon.com\/pt-pt\/quartos-no-centro-de-lisboa\/story-room\/","title":{"rendered":"Story Room"},"content":{"rendered":"<p style=\"text-align: center\" data-start=\"223\" data-end=\"428\">Entre sombras e sil\u00eancios, Lisboa tornou-se, durante a Segunda Guerra Mundial, uma capital discreta da espionagem \u2014 terreno neutro onde segredos atravessavam fronteiras e nada era exatamente o que parecia.<\/p>\n<p style=\"text-align: center\" data-start=\"430\" data-end=\"710\">Este quarto tem\u00e1tico convida-o a mergulhar nesse universo de mensagens cifradas, agentes duplos e c\u00f3digos murmurados. Inspirado nas enigm\u00e1ticas mulheres que circulavam pela cidade com charme e ast\u00facia, evoca o fasc\u00ednio e a tens\u00e3o de uma Lisboa dividida entre a guerra e a sedu\u00e7\u00e3o.<\/p>\n<p style=\"text-align: center\" data-start=\"712\" data-end=\"885\">Aqui, cada objeto pode esconder uma pista e cada sil\u00eancio conta uma hist\u00f3ria. Entre e torne-se parte de um jogo onde a lealdade \u00e9 amb\u00edgua\u2026 e as apar\u00eancias, sempre enganosas.<\/p>\n","protected":false},"excerpt":{"rendered":"<p>Entre sombras e sil\u00eancios, Lisboa tornou-se, durante a Segunda Guerra Mundial, uma capital discreta da espionagem \u2014 terreno neutro onde segredos atravessavam fronteiras e nada era exatamente o que parecia. Este quarto tem\u00e1tico convida-o a mergulhar nesse universo de mensagens cifradas, agentes duplos e c\u00f3digos murmurados. Inspirado nas enigm\u00e1ticas mulheres que circulavam pela cidade com [&hellip;]<\/p>\n","protected":false},"author":36,"featured_media":0,"parent":97,"menu_order":30,"comment_status":"closed","ping_status":"closed","template":"template-room.php","meta":{"footnotes":""},"class_list":["post-139","page","type-page","status-publish","hentry"],"yoast_head":"<!-- This site is optimized with the Yoast SEO plugin v26.9 - https:\/\/yoast.com\/product\/yoast-seo-wordpress\/ -->\n<title>Story Room - Maxime Hotel<\/title>\n<meta name=\"robots\" content=\"index, follow, max-snippet:-1, max-image-preview:large, max-video-preview:-1\" \/>\n<link rel=\"canonical\" href=\"https:\/\/www.maximehotellisbon.com\/pt-pt\/quartos-no-centro-de-lisboa\/story-room\/\" \/>\n<meta property=\"og:locale\" content=\"pt_PT\" \/>\n<meta property=\"og:type\" content=\"article\" \/>\n<meta property=\"og:title\" content=\"Story Room - Maxime Hotel\" \/>\n<meta property=\"og:description\" content=\"Entre sombras e sil\u00eancios, Lisboa tornou-se, durante a Segunda Guerra Mundial, uma capital discreta da espionagem \u2014 terreno neutro onde segredos atravessavam fronteiras e nada era exatamente o que parecia. Este quarto tem\u00e1tico convida-o a mergulhar nesse universo de mensagens cifradas, agentes duplos e c\u00f3digos murmurados. Inspirado nas enigm\u00e1ticas mulheres que circulavam pela cidade com [&hellip;]\" \/>\n<meta property=\"og:url\" content=\"https:\/\/www.maximehotellisbon.com\/pt-pt\/quartos-no-centro-de-lisboa\/story-room\/\" \/>\n<meta property=\"og:site_name\" content=\"Maxime Hotel\" \/>\n<meta property=\"article:modified_time\" content=\"2026-02-12T16:03:22+00:00\" \/>\n<meta name=\"twitter:card\" content=\"summary_large_image\" \/>\n<meta name=\"twitter:label1\" content=\"Tempo estimado de leitura\" \/>\n\t<meta name=\"twitter:data1\" content=\"1 minuto\" \/>\n<script type=\"application\/ld+json\" class=\"yoast-schema-graph\">{\"@context\":\"https:\/\/schema.org\",\"@graph\":[{\"@type\":\"WebPage\",\"@id\":\"https:\/\/www.maximehotellisbon.com\/pt-pt\/quartos-no-centro-de-lisboa\/story-room\/\",\"url\":\"https:\/\/www.maximehotellisbon.com\/pt-pt\/quartos-no-centro-de-lisboa\/story-room\/\",\"name\":\"Story Room - Maxime Hotel\",\"isPartOf\":{\"@id\":\"https:\/\/www.maximehotellisbon.com\/pt-pt\/#website\"},\"datePublished\":\"2020-11-18T15:51:41+00:00\",\"dateModified\":\"2026-02-12T16:03:22+00:00\",\"breadcrumb\":{\"@id\":\"https:\/\/www.maximehotellisbon.com\/pt-pt\/quartos-no-centro-de-lisboa\/story-room\/#breadcrumb\"},\"inLanguage\":\"pt-PT\",\"potentialAction\":[{\"@type\":\"ReadAction\",\"target\":[\"https:\/\/www.maximehotellisbon.com\/pt-pt\/quartos-no-centro-de-lisboa\/story-room\/\"]}]},{\"@type\":\"BreadcrumbList\",\"@id\":\"https:\/\/www.maximehotellisbon.com\/pt-pt\/quartos-no-centro-de-lisboa\/story-room\/#breadcrumb\",\"itemListElement\":[{\"@type\":\"ListItem\",\"position\":1,\"name\":\"Home\",\"item\":\"https:\/\/www.maximehotellisbon.com\/pt-pt\/\"},{\"@type\":\"ListItem\",\"position\":2,\"name\":\"Os nossos Quartos\",\"item\":\"https:\/\/www.maximehotellisbon.com\/pt-pt\/quartos-no-centro-de-lisboa\/\"},{\"@type\":\"ListItem\",\"position\":3,\"name\":\"Story Room\"}]},{\"@type\":\"WebSite\",\"@id\":\"https:\/\/www.maximehotellisbon.com\/pt-pt\/#website\",\"url\":\"https:\/\/www.maximehotellisbon.com\/pt-pt\/\",\"name\":\"Maxime Hotel\",\"description\":\"Just another ms.decms.eu site\",\"potentialAction\":[{\"@type\":\"SearchAction\",\"target\":{\"@type\":\"EntryPoint\",\"urlTemplate\":\"https:\/\/www.maximehotellisbon.com\/pt-pt\/?s={search_term_string}\"},\"query-input\":{\"@type\":\"PropertyValueSpecification\",\"valueRequired\":true,\"valueName\":\"search_term_string\"}}],\"inLanguage\":\"pt-PT\"}]}<\/script>\n<!-- \/ Yoast SEO plugin. -->","yoast_head_json":{"title":"Story Room - Maxime Hotel","robots":{"index":"index","follow":"follow","max-snippet":"max-snippet:-1","max-image-preview":"max-image-preview:large","max-video-preview":"max-video-preview:-1"},"canonical":"https:\/\/www.maximehotellisbon.com\/pt-pt\/quartos-no-centro-de-lisboa\/story-room\/","og_locale":"pt_PT","og_type":"article","og_title":"Story Room - Maxime Hotel","og_description":"Entre sombras e sil\u00eancios, Lisboa tornou-se, durante a Segunda Guerra Mundial, uma capital discreta da espionagem \u2014 terreno neutro onde segredos atravessavam fronteiras e nada era exatamente o que parecia. Este quarto tem\u00e1tico convida-o a mergulhar nesse universo de mensagens cifradas, agentes duplos e c\u00f3digos murmurados. Inspirado nas enigm\u00e1ticas mulheres que circulavam pela cidade com [&hellip;]","og_url":"https:\/\/www.maximehotellisbon.com\/pt-pt\/quartos-no-centro-de-lisboa\/story-room\/","og_site_name":"Maxime Hotel","article_modified_time":"2026-02-12T16:03:22+00:00","twitter_card":"summary_large_image","twitter_misc":{"Tempo estimado de leitura":"1 minuto"},"schema":{"@context":"https:\/\/schema.org","@graph":[{"@type":"WebPage","@id":"https:\/\/www.maximehotellisbon.com\/pt-pt\/quartos-no-centro-de-lisboa\/story-room\/","url":"https:\/\/www.maximehotellisbon.com\/pt-pt\/quartos-no-centro-de-lisboa\/story-room\/","name":"Story Room - Maxime Hotel","isPartOf":{"@id":"https:\/\/www.maximehotellisbon.com\/pt-pt\/#website"},"datePublished":"2020-11-18T15:51:41+00:00","dateModified":"2026-02-12T16:03:22+00:00","breadcrumb":{"@id":"https:\/\/www.maximehotellisbon.com\/pt-pt\/quartos-no-centro-de-lisboa\/story-room\/#breadcrumb"},"inLanguage":"pt-PT","potentialAction":[{"@type":"ReadAction","target":["https:\/\/www.maximehotellisbon.com\/pt-pt\/quartos-no-centro-de-lisboa\/story-room\/"]}]},{"@type":"BreadcrumbList","@id":"https:\/\/www.maximehotellisbon.com\/pt-pt\/quartos-no-centro-de-lisboa\/story-room\/#breadcrumb","itemListElement":[{"@type":"ListItem","position":1,"name":"Home","item":"https:\/\/www.maximehotellisbon.com\/pt-pt\/"},{"@type":"ListItem","position":2,"name":"Os nossos Quartos","item":"https:\/\/www.maximehotellisbon.com\/pt-pt\/quartos-no-centro-de-lisboa\/"},{"@type":"ListItem","position":3,"name":"Story Room"}]},{"@type":"WebSite","@id":"https:\/\/www.maximehotellisbon.com\/pt-pt\/#website","url":"https:\/\/www.maximehotellisbon.com\/pt-pt\/","name":"Maxime Hotel","description":"Just another ms.decms.eu site","potentialAction":[{"@type":"SearchAction","target":{"@type":"EntryPoint","urlTemplate":"https:\/\/www.maximehotellisbon.com\/pt-pt\/?s={search_term_string}"},"query-input":{"@type":"PropertyValueSpecification","valueRequired":true,"valueName":"search_term_string"}}],"inLanguage":"pt-PT"}]}},"acf":[],"_links":{"self":[{"href":"https:\/\/www.maximehotellisbon.com\/pt-pt\/wp-json\/wp\/v2\/pages\/139","targetHints":{"allow":["GET"]}}],"collection":[{"href":"https:\/\/www.maximehotellisbon.com\/pt-pt\/wp-json\/wp\/v2\/pages"}],"about":[{"href":"https:\/\/www.maximehotellisbon.com\/pt-pt\/wp-json\/wp\/v2\/types\/page"}],"author":[{"embeddable":true,"href":"https:\/\/www.maximehotellisbon.com\/pt-pt\/wp-json\/wp\/v2\/users\/36"}],"replies":[{"embeddable":true,"href":"https:\/\/www.maximehotellisbon.com\/pt-pt\/wp-json\/wp\/v2\/comments?post=139"}],"version-history":[{"count":0,"href":"https:\/\/www.maximehotellisbon.com\/pt-pt\/wp-json\/wp\/v2\/pages\/139\/revisions"}],"up":[{"embeddable":true,"href":"https:\/\/www.maximehotellisbon.com\/pt-pt\/wp-json\/wp\/v2\/pages\/97"}],"wp:attachment":[{"href":"https:\/\/www.maximehotellisbon.com\/pt-pt\/wp-json\/wp\/v2\/media?parent=139"}],"curies":[{"name":"wp","href":"https:\/\/api.w.org\/{rel}","templated":true}]}}