{"id":122,"date":"2020-11-18T15:21:31","date_gmt":"2020-11-18T15:21:31","guid":{"rendered":"http:\/\/hotel-maxime.ms.decms.eu\/?page_id=122"},"modified":"2026-02-12T16:04:15","modified_gmt":"2026-02-12T16:04:15","slug":"velvet-room","status":"publish","type":"page","link":"https:\/\/www.maximehotellisbon.com\/pt-pt\/quartos-no-centro-de-lisboa\/velvet-room\/","title":{"rendered":"Velvet Room"},"content":{"rendered":"<p style=\"text-align: center\" data-start=\"381\" data-end=\"633\">No <strong data-start=\"425\" data-end=\"440\">Velvet Room<\/strong>, cada detalhe foi pensado para evocar a opul\u00eancia e o dramatismo dos cabarets de Lisboa dos anos 40 \u2014 n\u00e3o atrav\u00e9s da sedu\u00e7\u00e3o expl\u00edcita, mas pela atmosfera, pelas texturas e pelos jogos de luz.<\/p>\n<p style=\"text-align: center\" data-start=\"635\" data-end=\"946\">Veludos profundos, ilumina\u00e7\u00e3o de inspira\u00e7\u00e3o vintage e tecidos sobrepostos recriam um ambiente \u00edntimo e teatral, que remete para os bastidores e os sal\u00f5es escondidos por cortinas pesadas. \u00c9 uma homenagem ao glamour que existia longe do palco \u2014 onde pairava a expectativa e cada noite prometia um novo espet\u00e1culo.<\/p>\n<p style=\"text-align: center\" data-start=\"948\" data-end=\"1159\">Tal como o ic\u00f3nico Maxime dos anos 40, onde a m\u00fasica e o mist\u00e9rio preenchiam a madrugada, este quarto convida-o a abrandar, a saborear e a deixar-se transportar para uma \u00e9poca de eleg\u00e2ncia e express\u00e3o art\u00edstica.<\/p>\n<p style=\"text-align: center\" data-start=\"1161\" data-end=\"1339\">O Velvet Room oferece uma fus\u00e3o requintada entre o charme cl\u00e1ssico e o conforto contempor\u00e2neo \u2014 pensado para quem valoriza espa\u00e7os com alma, hist\u00f3ria e um toque de luxo discreto.<\/p>\n","protected":false},"excerpt":{"rendered":"<p>No Velvet Room, cada detalhe foi pensado para evocar a opul\u00eancia e o dramatismo dos cabarets de Lisboa dos anos 40 \u2014 n\u00e3o atrav\u00e9s da sedu\u00e7\u00e3o expl\u00edcita, mas pela atmosfera, pelas texturas e pelos jogos de luz. Veludos profundos, ilumina\u00e7\u00e3o de inspira\u00e7\u00e3o vintage e tecidos sobrepostos recriam um ambiente \u00edntimo e teatral, que remete para [&hellip;]<\/p>\n","protected":false},"author":36,"featured_media":0,"parent":97,"menu_order":20,"comment_status":"closed","ping_status":"closed","template":"template-room.php","meta":{"footnotes":""},"class_list":["post-122","page","type-page","status-publish","hentry"],"yoast_head":"<!-- This site is optimized with the Yoast SEO plugin v26.9 - https:\/\/yoast.com\/product\/yoast-seo-wordpress\/ -->\n<title>Velvet Room - Maxime Hotel<\/title>\n<meta name=\"robots\" content=\"index, follow, max-snippet:-1, max-image-preview:large, max-video-preview:-1\" \/>\n<link rel=\"canonical\" href=\"https:\/\/www.maximehotellisbon.com\/pt-pt\/quartos-no-centro-de-lisboa\/velvet-room\/\" \/>\n<meta property=\"og:locale\" content=\"pt_PT\" \/>\n<meta property=\"og:type\" content=\"article\" \/>\n<meta property=\"og:title\" content=\"Velvet Room - Maxime Hotel\" \/>\n<meta property=\"og:description\" content=\"No Velvet Room, cada detalhe foi pensado para evocar a opul\u00eancia e o dramatismo dos cabarets de Lisboa dos anos 40 \u2014 n\u00e3o atrav\u00e9s da sedu\u00e7\u00e3o expl\u00edcita, mas pela atmosfera, pelas texturas e pelos jogos de luz. Veludos profundos, ilumina\u00e7\u00e3o de inspira\u00e7\u00e3o vintage e tecidos sobrepostos recriam um ambiente \u00edntimo e teatral, que remete para [&hellip;]\" \/>\n<meta property=\"og:url\" content=\"https:\/\/www.maximehotellisbon.com\/pt-pt\/quartos-no-centro-de-lisboa\/velvet-room\/\" \/>\n<meta property=\"og:site_name\" content=\"Maxime Hotel\" \/>\n<meta property=\"article:modified_time\" content=\"2026-02-12T16:04:15+00:00\" \/>\n<meta name=\"twitter:card\" content=\"summary_large_image\" \/>\n<meta name=\"twitter:label1\" content=\"Tempo estimado de leitura\" \/>\n\t<meta name=\"twitter:data1\" content=\"1 minuto\" \/>\n<script type=\"application\/ld+json\" class=\"yoast-schema-graph\">{\"@context\":\"https:\/\/schema.org\",\"@graph\":[{\"@type\":\"WebPage\",\"@id\":\"https:\/\/www.maximehotellisbon.com\/pt-pt\/quartos-no-centro-de-lisboa\/velvet-room\/\",\"url\":\"https:\/\/www.maximehotellisbon.com\/pt-pt\/quartos-no-centro-de-lisboa\/velvet-room\/\",\"name\":\"Velvet Room - Maxime Hotel\",\"isPartOf\":{\"@id\":\"https:\/\/www.maximehotellisbon.com\/pt-pt\/#website\"},\"datePublished\":\"2020-11-18T15:21:31+00:00\",\"dateModified\":\"2026-02-12T16:04:15+00:00\",\"breadcrumb\":{\"@id\":\"https:\/\/www.maximehotellisbon.com\/pt-pt\/quartos-no-centro-de-lisboa\/velvet-room\/#breadcrumb\"},\"inLanguage\":\"pt-PT\",\"potentialAction\":[{\"@type\":\"ReadAction\",\"target\":[\"https:\/\/www.maximehotellisbon.com\/pt-pt\/quartos-no-centro-de-lisboa\/velvet-room\/\"]}]},{\"@type\":\"BreadcrumbList\",\"@id\":\"https:\/\/www.maximehotellisbon.com\/pt-pt\/quartos-no-centro-de-lisboa\/velvet-room\/#breadcrumb\",\"itemListElement\":[{\"@type\":\"ListItem\",\"position\":1,\"name\":\"Home\",\"item\":\"https:\/\/www.maximehotellisbon.com\/pt-pt\/\"},{\"@type\":\"ListItem\",\"position\":2,\"name\":\"Os nossos Quartos\",\"item\":\"https:\/\/www.maximehotellisbon.com\/pt-pt\/quartos-no-centro-de-lisboa\/\"},{\"@type\":\"ListItem\",\"position\":3,\"name\":\"Velvet Room\"}]},{\"@type\":\"WebSite\",\"@id\":\"https:\/\/www.maximehotellisbon.com\/pt-pt\/#website\",\"url\":\"https:\/\/www.maximehotellisbon.com\/pt-pt\/\",\"name\":\"Maxime Hotel\",\"description\":\"Just another ms.decms.eu site\",\"potentialAction\":[{\"@type\":\"SearchAction\",\"target\":{\"@type\":\"EntryPoint\",\"urlTemplate\":\"https:\/\/www.maximehotellisbon.com\/pt-pt\/?s={search_term_string}\"},\"query-input\":{\"@type\":\"PropertyValueSpecification\",\"valueRequired\":true,\"valueName\":\"search_term_string\"}}],\"inLanguage\":\"pt-PT\"}]}<\/script>\n<!-- \/ Yoast SEO plugin. -->","yoast_head_json":{"title":"Velvet Room - Maxime Hotel","robots":{"index":"index","follow":"follow","max-snippet":"max-snippet:-1","max-image-preview":"max-image-preview:large","max-video-preview":"max-video-preview:-1"},"canonical":"https:\/\/www.maximehotellisbon.com\/pt-pt\/quartos-no-centro-de-lisboa\/velvet-room\/","og_locale":"pt_PT","og_type":"article","og_title":"Velvet Room - Maxime Hotel","og_description":"No Velvet Room, cada detalhe foi pensado para evocar a opul\u00eancia e o dramatismo dos cabarets de Lisboa dos anos 40 \u2014 n\u00e3o atrav\u00e9s da sedu\u00e7\u00e3o expl\u00edcita, mas pela atmosfera, pelas texturas e pelos jogos de luz. Veludos profundos, ilumina\u00e7\u00e3o de inspira\u00e7\u00e3o vintage e tecidos sobrepostos recriam um ambiente \u00edntimo e teatral, que remete para [&hellip;]","og_url":"https:\/\/www.maximehotellisbon.com\/pt-pt\/quartos-no-centro-de-lisboa\/velvet-room\/","og_site_name":"Maxime Hotel","article_modified_time":"2026-02-12T16:04:15+00:00","twitter_card":"summary_large_image","twitter_misc":{"Tempo estimado de leitura":"1 minuto"},"schema":{"@context":"https:\/\/schema.org","@graph":[{"@type":"WebPage","@id":"https:\/\/www.maximehotellisbon.com\/pt-pt\/quartos-no-centro-de-lisboa\/velvet-room\/","url":"https:\/\/www.maximehotellisbon.com\/pt-pt\/quartos-no-centro-de-lisboa\/velvet-room\/","name":"Velvet Room - Maxime Hotel","isPartOf":{"@id":"https:\/\/www.maximehotellisbon.com\/pt-pt\/#website"},"datePublished":"2020-11-18T15:21:31+00:00","dateModified":"2026-02-12T16:04:15+00:00","breadcrumb":{"@id":"https:\/\/www.maximehotellisbon.com\/pt-pt\/quartos-no-centro-de-lisboa\/velvet-room\/#breadcrumb"},"inLanguage":"pt-PT","potentialAction":[{"@type":"ReadAction","target":["https:\/\/www.maximehotellisbon.com\/pt-pt\/quartos-no-centro-de-lisboa\/velvet-room\/"]}]},{"@type":"BreadcrumbList","@id":"https:\/\/www.maximehotellisbon.com\/pt-pt\/quartos-no-centro-de-lisboa\/velvet-room\/#breadcrumb","itemListElement":[{"@type":"ListItem","position":1,"name":"Home","item":"https:\/\/www.maximehotellisbon.com\/pt-pt\/"},{"@type":"ListItem","position":2,"name":"Os nossos Quartos","item":"https:\/\/www.maximehotellisbon.com\/pt-pt\/quartos-no-centro-de-lisboa\/"},{"@type":"ListItem","position":3,"name":"Velvet Room"}]},{"@type":"WebSite","@id":"https:\/\/www.maximehotellisbon.com\/pt-pt\/#website","url":"https:\/\/www.maximehotellisbon.com\/pt-pt\/","name":"Maxime Hotel","description":"Just another ms.decms.eu site","potentialAction":[{"@type":"SearchAction","target":{"@type":"EntryPoint","urlTemplate":"https:\/\/www.maximehotellisbon.com\/pt-pt\/?s={search_term_string}"},"query-input":{"@type":"PropertyValueSpecification","valueRequired":true,"valueName":"search_term_string"}}],"inLanguage":"pt-PT"}]}},"acf":[],"_links":{"self":[{"href":"https:\/\/www.maximehotellisbon.com\/pt-pt\/wp-json\/wp\/v2\/pages\/122","targetHints":{"allow":["GET"]}}],"collection":[{"href":"https:\/\/www.maximehotellisbon.com\/pt-pt\/wp-json\/wp\/v2\/pages"}],"about":[{"href":"https:\/\/www.maximehotellisbon.com\/pt-pt\/wp-json\/wp\/v2\/types\/page"}],"author":[{"embeddable":true,"href":"https:\/\/www.maximehotellisbon.com\/pt-pt\/wp-json\/wp\/v2\/users\/36"}],"replies":[{"embeddable":true,"href":"https:\/\/www.maximehotellisbon.com\/pt-pt\/wp-json\/wp\/v2\/comments?post=122"}],"version-history":[{"count":0,"href":"https:\/\/www.maximehotellisbon.com\/pt-pt\/wp-json\/wp\/v2\/pages\/122\/revisions"}],"up":[{"embeddable":true,"href":"https:\/\/www.maximehotellisbon.com\/pt-pt\/wp-json\/wp\/v2\/pages\/97"}],"wp:attachment":[{"href":"https:\/\/www.maximehotellisbon.com\/pt-pt\/wp-json\/wp\/v2\/media?parent=122"}],"curies":[{"name":"wp","href":"https:\/\/api.w.org\/{rel}","templated":true}]}}