{"id":109,"date":"2020-11-18T14:57:07","date_gmt":"2020-11-18T14:57:07","guid":{"rendered":"http:\/\/hotel-maxime.ms.decms.eu\/?page_id=109"},"modified":"2026-02-12T16:05:52","modified_gmt":"2026-02-12T16:05:52","slug":"deluxe-room","status":"publish","type":"page","link":"https:\/\/www.maximehotellisbon.com\/pt-pt\/quartos-no-centro-de-lisboa\/deluxe-room\/","title":{"rendered":"Deluxe Room"},"content":{"rendered":"<p style=\"text-align: center\">A eleg\u00e2ncia sempre foi intemporal. No <strong>Quarto Deluxe<\/strong>, os detalhes mais requintados transportam-no para uma era em que a opul\u00eancia era o padr\u00e3o e o requinte, um modo de vida. Os candelabros de cristal captam a luz, enquanto os tecidos de pel\u00facia e as texturas ricas o convidam a mimar-se.<\/p>\n<p style=\"text-align: center\">No cora\u00e7\u00e3o da cidade, t\u00e3o rica em hist\u00f3rias de vida nocturna, o Maxime oferece-lhe um mundo \u00e0 parte, onde apenas os h\u00f3spedes mais distintos poderiam retirar-se.<\/p>\n<p style=\"text-align: center\">Hoje, \u00e9 convidado a viver o legado do cabar\u00e9. Este estilo \u00e9 eterno &#8211; o conforto, seu para desfrutar.<\/p>\n","protected":false},"excerpt":{"rendered":"<p>A eleg\u00e2ncia sempre foi intemporal. No Quarto Deluxe, os detalhes mais requintados transportam-no para uma era em que a opul\u00eancia era o padr\u00e3o e o requinte, um modo de vida. Os candelabros de cristal captam a luz, enquanto os tecidos de pel\u00facia e as texturas ricas o convidam a mimar-se. No cora\u00e7\u00e3o da cidade, t\u00e3o [&hellip;]<\/p>\n","protected":false},"author":36,"featured_media":0,"parent":97,"menu_order":10,"comment_status":"closed","ping_status":"closed","template":"template-room.php","meta":{"footnotes":""},"class_list":["post-109","page","type-page","status-publish","hentry"],"yoast_head":"<!-- This site is optimized with the Yoast SEO plugin v26.9 - https:\/\/yoast.com\/product\/yoast-seo-wordpress\/ -->\n<title>Deluxe Room - Maxime Hotel<\/title>\n<meta name=\"robots\" content=\"index, follow, max-snippet:-1, max-image-preview:large, max-video-preview:-1\" \/>\n<link rel=\"canonical\" href=\"https:\/\/www.maximehotellisbon.com\/pt-pt\/quartos-no-centro-de-lisboa\/deluxe-room\/\" \/>\n<meta property=\"og:locale\" content=\"pt_PT\" \/>\n<meta property=\"og:type\" content=\"article\" \/>\n<meta property=\"og:title\" content=\"Deluxe Room - Maxime Hotel\" \/>\n<meta property=\"og:description\" content=\"A eleg\u00e2ncia sempre foi intemporal. No Quarto Deluxe, os detalhes mais requintados transportam-no para uma era em que a opul\u00eancia era o padr\u00e3o e o requinte, um modo de vida. Os candelabros de cristal captam a luz, enquanto os tecidos de pel\u00facia e as texturas ricas o convidam a mimar-se. No cora\u00e7\u00e3o da cidade, t\u00e3o [&hellip;]\" \/>\n<meta property=\"og:url\" content=\"https:\/\/www.maximehotellisbon.com\/pt-pt\/quartos-no-centro-de-lisboa\/deluxe-room\/\" \/>\n<meta property=\"og:site_name\" content=\"Maxime Hotel\" \/>\n<meta property=\"article:modified_time\" content=\"2026-02-12T16:05:52+00:00\" \/>\n<meta name=\"twitter:card\" content=\"summary_large_image\" \/>\n<meta name=\"twitter:label1\" content=\"Tempo estimado de leitura\" \/>\n\t<meta name=\"twitter:data1\" content=\"1 minuto\" \/>\n<script type=\"application\/ld+json\" class=\"yoast-schema-graph\">{\"@context\":\"https:\/\/schema.org\",\"@graph\":[{\"@type\":\"WebPage\",\"@id\":\"https:\/\/www.maximehotellisbon.com\/pt-pt\/quartos-no-centro-de-lisboa\/deluxe-room\/\",\"url\":\"https:\/\/www.maximehotellisbon.com\/pt-pt\/quartos-no-centro-de-lisboa\/deluxe-room\/\",\"name\":\"Deluxe Room - Maxime Hotel\",\"isPartOf\":{\"@id\":\"https:\/\/www.maximehotellisbon.com\/pt-pt\/#website\"},\"datePublished\":\"2020-11-18T14:57:07+00:00\",\"dateModified\":\"2026-02-12T16:05:52+00:00\",\"breadcrumb\":{\"@id\":\"https:\/\/www.maximehotellisbon.com\/pt-pt\/quartos-no-centro-de-lisboa\/deluxe-room\/#breadcrumb\"},\"inLanguage\":\"pt-PT\",\"potentialAction\":[{\"@type\":\"ReadAction\",\"target\":[\"https:\/\/www.maximehotellisbon.com\/pt-pt\/quartos-no-centro-de-lisboa\/deluxe-room\/\"]}]},{\"@type\":\"BreadcrumbList\",\"@id\":\"https:\/\/www.maximehotellisbon.com\/pt-pt\/quartos-no-centro-de-lisboa\/deluxe-room\/#breadcrumb\",\"itemListElement\":[{\"@type\":\"ListItem\",\"position\":1,\"name\":\"Home\",\"item\":\"https:\/\/www.maximehotellisbon.com\/pt-pt\/\"},{\"@type\":\"ListItem\",\"position\":2,\"name\":\"Os nossos Quartos\",\"item\":\"https:\/\/www.maximehotellisbon.com\/pt-pt\/quartos-no-centro-de-lisboa\/\"},{\"@type\":\"ListItem\",\"position\":3,\"name\":\"Deluxe Room\"}]},{\"@type\":\"WebSite\",\"@id\":\"https:\/\/www.maximehotellisbon.com\/pt-pt\/#website\",\"url\":\"https:\/\/www.maximehotellisbon.com\/pt-pt\/\",\"name\":\"Maxime Hotel\",\"description\":\"Just another ms.decms.eu site\",\"potentialAction\":[{\"@type\":\"SearchAction\",\"target\":{\"@type\":\"EntryPoint\",\"urlTemplate\":\"https:\/\/www.maximehotellisbon.com\/pt-pt\/?s={search_term_string}\"},\"query-input\":{\"@type\":\"PropertyValueSpecification\",\"valueRequired\":true,\"valueName\":\"search_term_string\"}}],\"inLanguage\":\"pt-PT\"}]}<\/script>\n<!-- \/ Yoast SEO plugin. -->","yoast_head_json":{"title":"Deluxe Room - Maxime Hotel","robots":{"index":"index","follow":"follow","max-snippet":"max-snippet:-1","max-image-preview":"max-image-preview:large","max-video-preview":"max-video-preview:-1"},"canonical":"https:\/\/www.maximehotellisbon.com\/pt-pt\/quartos-no-centro-de-lisboa\/deluxe-room\/","og_locale":"pt_PT","og_type":"article","og_title":"Deluxe Room - Maxime Hotel","og_description":"A eleg\u00e2ncia sempre foi intemporal. No Quarto Deluxe, os detalhes mais requintados transportam-no para uma era em que a opul\u00eancia era o padr\u00e3o e o requinte, um modo de vida. Os candelabros de cristal captam a luz, enquanto os tecidos de pel\u00facia e as texturas ricas o convidam a mimar-se. No cora\u00e7\u00e3o da cidade, t\u00e3o [&hellip;]","og_url":"https:\/\/www.maximehotellisbon.com\/pt-pt\/quartos-no-centro-de-lisboa\/deluxe-room\/","og_site_name":"Maxime Hotel","article_modified_time":"2026-02-12T16:05:52+00:00","twitter_card":"summary_large_image","twitter_misc":{"Tempo estimado de leitura":"1 minuto"},"schema":{"@context":"https:\/\/schema.org","@graph":[{"@type":"WebPage","@id":"https:\/\/www.maximehotellisbon.com\/pt-pt\/quartos-no-centro-de-lisboa\/deluxe-room\/","url":"https:\/\/www.maximehotellisbon.com\/pt-pt\/quartos-no-centro-de-lisboa\/deluxe-room\/","name":"Deluxe Room - Maxime Hotel","isPartOf":{"@id":"https:\/\/www.maximehotellisbon.com\/pt-pt\/#website"},"datePublished":"2020-11-18T14:57:07+00:00","dateModified":"2026-02-12T16:05:52+00:00","breadcrumb":{"@id":"https:\/\/www.maximehotellisbon.com\/pt-pt\/quartos-no-centro-de-lisboa\/deluxe-room\/#breadcrumb"},"inLanguage":"pt-PT","potentialAction":[{"@type":"ReadAction","target":["https:\/\/www.maximehotellisbon.com\/pt-pt\/quartos-no-centro-de-lisboa\/deluxe-room\/"]}]},{"@type":"BreadcrumbList","@id":"https:\/\/www.maximehotellisbon.com\/pt-pt\/quartos-no-centro-de-lisboa\/deluxe-room\/#breadcrumb","itemListElement":[{"@type":"ListItem","position":1,"name":"Home","item":"https:\/\/www.maximehotellisbon.com\/pt-pt\/"},{"@type":"ListItem","position":2,"name":"Os nossos Quartos","item":"https:\/\/www.maximehotellisbon.com\/pt-pt\/quartos-no-centro-de-lisboa\/"},{"@type":"ListItem","position":3,"name":"Deluxe Room"}]},{"@type":"WebSite","@id":"https:\/\/www.maximehotellisbon.com\/pt-pt\/#website","url":"https:\/\/www.maximehotellisbon.com\/pt-pt\/","name":"Maxime Hotel","description":"Just another ms.decms.eu site","potentialAction":[{"@type":"SearchAction","target":{"@type":"EntryPoint","urlTemplate":"https:\/\/www.maximehotellisbon.com\/pt-pt\/?s={search_term_string}"},"query-input":{"@type":"PropertyValueSpecification","valueRequired":true,"valueName":"search_term_string"}}],"inLanguage":"pt-PT"}]}},"acf":[],"_links":{"self":[{"href":"https:\/\/www.maximehotellisbon.com\/pt-pt\/wp-json\/wp\/v2\/pages\/109","targetHints":{"allow":["GET"]}}],"collection":[{"href":"https:\/\/www.maximehotellisbon.com\/pt-pt\/wp-json\/wp\/v2\/pages"}],"about":[{"href":"https:\/\/www.maximehotellisbon.com\/pt-pt\/wp-json\/wp\/v2\/types\/page"}],"author":[{"embeddable":true,"href":"https:\/\/www.maximehotellisbon.com\/pt-pt\/wp-json\/wp\/v2\/users\/36"}],"replies":[{"embeddable":true,"href":"https:\/\/www.maximehotellisbon.com\/pt-pt\/wp-json\/wp\/v2\/comments?post=109"}],"version-history":[{"count":0,"href":"https:\/\/www.maximehotellisbon.com\/pt-pt\/wp-json\/wp\/v2\/pages\/109\/revisions"}],"up":[{"embeddable":true,"href":"https:\/\/www.maximehotellisbon.com\/pt-pt\/wp-json\/wp\/v2\/pages\/97"}],"wp:attachment":[{"href":"https:\/\/www.maximehotellisbon.com\/pt-pt\/wp-json\/wp\/v2\/media?parent=109"}],"curies":[{"name":"wp","href":"https:\/\/api.w.org\/{rel}","templated":true}]}}